{"id":1745,"date":"2019-09-30T07:54:18","date_gmt":"2019-09-30T07:54:18","guid":{"rendered":"https:\/\/atman.fr\/osteopathie\/?page_id=1745"},"modified":"2022-04-19T06:02:22","modified_gmt":"2022-04-19T06:02:22","slug":"la-pratique","status":"publish","type":"page","link":"https:\/\/atman.fr\/osteopathie\/la-pratique\/","title":{"rendered":"La Pratique"},"content":{"rendered":"<p>[et_pb_section fb_built=\u00a0\u00bb1&Prime; specialty=\u00a0\u00bbon\u00a0\u00bb _builder_version=\u00a0\u00bb4.16&Prime; global_colors_info=\u00a0\u00bb{}\u00a0\u00bb][et_pb_column type=\u00a0\u00bb3_4&Prime; specialty_columns=\u00a0\u00bb3&Prime; _builder_version=\u00a0\u00bb4.16&Prime; custom_padding=\u00a0\u00bb|||\u00a0\u00bb global_colors_info=\u00a0\u00bb{}\u00a0\u00bb custom_padding__hover=\u00a0\u00bb|||\u00a0\u00bb][et_pb_row_inner _builder_version=\u00a0\u00bb4.16&Prime; global_colors_info=\u00a0\u00bb{}\u00a0\u00bb][et_pb_column_inner saved_specialty_column_type=\u00a0\u00bb3_4&Prime; _builder_version=\u00a0\u00bb4.16&Prime; global_colors_info=\u00a0\u00bb{}\u00a0\u00bb][et_pb_text _builder_version=\u00a0\u00bb4.16&Prime; text_font=\u00a0\u00bb||||||||\u00a0\u00bb header_3_font=\u00a0\u00bb|||on|||||\u00a0\u00bb global_colors_info=\u00a0\u00bb{}\u00a0\u00bb]<\/p>\n<div>\n<p>La pratique clinique en interne ou externe est une \u00e9tape<span>\u00a0<\/span><strong>essentielle<\/strong><span>\u00a0<\/span>dans l\u2019apprentissage car c\u2019est dans la r\u00e9p\u00e9tition de la technique, du geste, la confrontation aux cas r\u00e9els, la concr\u00e9tisation de la th\u00e9orie dans l\u2019approche des diff\u00e9rents diagnostics que l\u2019\u00e9tudiant,<span>\u00a0<\/span><strong>encadr\u00e9 par l\u2019<a href=\"\/osteopathie\/le-corps-professoral\">\u00e9quipe p\u00e9dagogique<\/a><\/strong>, va pouvoir \u00e9voluer jusqu\u2019\u00e0 l\u2019acquis.<\/p>\n<p>Pour cela, les \u00e9tapes de <a href=\"\/osteopathie\/la-pratique\">formation pratique clinique<\/a> sont les suivantes :<\/p>\n<\/div>\n<p>[\/et_pb_text][et_pb_blurb title=\u00a0\u00bbObservation de consultations ost\u00e9opathiques r\u00e9alis\u00e9es par des ost\u00e9opathes enseignants ou ma\u00eetres de stage mais \u00e9galement des \u00e9tudiants en fin de cursus encadr\u00e9s par un enseignant ost\u00e9opathe sur diff\u00e9rents lieux, internes ou externes.\u00a0\u00bb use_icon=\u00a0\u00bbon\u00a0\u00bb font_icon=\u00a0\u00bbagsdix-null||divi||400&Prime; _builder_version=\u00a0\u00bb4.16.1&Prime; header_font=\u00a0\u00bbOpen Sans Condensed||||||||\u00a0\u00bb header_font_size=\u00a0\u00bb1.4em\u00a0\u00bb header_letter_spacing=\u00a0\u00bb2px\u00a0\u00bb hover_enabled=\u00a0\u00bb0&Prime; global_colors_info=\u00a0\u00bb{}\u00a0\u00bb sticky_enabled=\u00a0\u00bb0&Prime;][\/et_pb_blurb][et_pb_blurb title=\u00a0\u00bbApprentissage progressif et r\u00e9alisation de certaines activit\u00e9s dans le cadre d\u2019une consultation aupr\u00e8s d\u2019un patient avec accompagnement d\u2019un enseignant ost\u00e9opathe (progressivit\u00e9 et individualisation du parcours). Cette partie se d\u00e9roule uniquement en clinique interne.\u00a0\u00bb use_icon=\u00a0\u00bbon\u00a0\u00bb font_icon=\u00a0\u00bbagsdix-null||divi||400&Prime; _builder_version=\u00a0\u00bb4.16&Prime; header_font=\u00a0\u00bbOpen Sans Condensed||||||||\u00a0\u00bb header_font_size=\u00a0\u00bb1.4em\u00a0\u00bb header_letter_spacing=\u00a0\u00bb2px\u00a0\u00bb global_colors_info=\u00a0\u00bb{}\u00a0\u00bb]<\/p>\n<p><span>Dot\u00e9e d\u2019une\u00a0<\/span><strong>clinique de soins ost\u00e9opathiques en interne<\/strong><span>, sur son campus, le COA re\u00e7oit quotidiennement tous types de populations.<\/span><\/p>\n<p>[\/et_pb_blurb][et_pb_blurb title=\u00a0\u00bbEn 5\u00e8me ann\u00e9e : R\u00e9alisation de consultations compl\u00e8tes encadr\u00e9es par un ost\u00e9opathe enseignant ou ma\u00eetre de stage. L\u2019\u00e9tudiant r\u00e9alise ainsi des consultations aupr\u00e8s de diff\u00e9rents publics et pr\u00e9sentant des troubles fonctionnels diversifi\u00e9s. Cette \u00e9tape se d\u00e9roule en interne, pour au moins 75% des consultations, et\/ou en terrains externes.\u00a0\u00bb use_icon=\u00a0\u00bbon\u00a0\u00bb font_icon=\u00a0\u00bbagsdix-null||divi||400&Prime; _builder_version=\u00a0\u00bb4.16.1&Prime; header_font=\u00a0\u00bbOpen Sans Condensed||||||||\u00a0\u00bb header_font_size=\u00a0\u00bb1.4em\u00a0\u00bb header_letter_spacing=\u00a0\u00bb2px\u00a0\u00bb hover_enabled=\u00a0\u00bb0&Prime; global_colors_info=\u00a0\u00bb{}\u00a0\u00bb sticky_enabled=\u00a0\u00bb0&Prime;]<\/p>\n<p>Chaque consultation effectu\u00e9e par l\u2019\u00e9tudiant s\u2019accompagne d\u2019un temps de pr\u00e9paration et de bilan avec l\u2019enseignant ou le ma\u00eetre de stage. Toutes les consultations sont consign\u00e9es au travers d\u2019un livret individuel de formation permettant d\u2019avoir un suivi attentif de chaque \u00e9tudiant retra\u00e7ant les points \u00e0 am\u00e9liorer.<\/p>\n<p>Au travers des<span>\u00a0<\/span><a href=\"\/osteopathie\/partenaires\"><strong>partenariats<\/strong><span>\u00a0<\/span><\/a>contract\u00e9s aupr\u00e8s des entreprises locales, associations sportives, caritatives, d\u2019aide aux personnes en situation de handicap, cr\u00e8ches ou centre communaux d\u2019action sociale, les \u00e9tudiants sont ainsi confront\u00e9s \u00e0 une vari\u00e9t\u00e9 de cliniques leur permettant d\u2019avoir une vision plus large du champ d\u2019application de l\u2019ost\u00e9opathie et donc de la profession.<\/p>\n<p>[\/et_pb_blurb][\/et_pb_column_inner][\/et_pb_row_inner][et_pb_row_inner column_structure=\u00a0\u00bb1_2,1_2&Prime; _builder_version=\u00a0\u00bb4.16&Prime; background_color=\u00a0\u00bb#0077bc\u00a0\u00bb custom_padding=\u00a0\u00bb|2vw||0vw|false|false\u00a0\u00bb border_radii=\u00a0\u00bbon|32px|32px|32px|32px\u00a0\u00bb box_shadow_style=\u00a0\u00bbpreset3&Prime; global_colors_info=\u00a0\u00bb{}\u00a0\u00bb][et_pb_column_inner type=\u00a0\u00bb1_2&Prime; saved_specialty_column_type=\u00a0\u00bb3_4&Prime; _builder_version=\u00a0\u00bb4.16&Prime; global_colors_info=\u00a0\u00bb{}\u00a0\u00bb][et_pb_circle_counter title=\u00a0\u00bbEncadrement\u00a0\u00bb number=\u00a0\u00bb75&Prime; bar_bg_color=\u00a0\u00bb#ffffff\u00a0\u00bb _builder_version=\u00a0\u00bb4.16&Prime; title_text_color=\u00a0\u00bb#ffffff\u00a0\u00bb number_font=\u00a0\u00bbOpen Sans Condensed||||||||\u00a0\u00bb number_text_color=\u00a0\u00bb#ffffff\u00a0\u00bb global_colors_info=\u00a0\u00bb{}\u00a0\u00bb][\/et_pb_circle_counter][\/et_pb_column_inner][et_pb_column_inner type=\u00a0\u00bb1_2&Prime; saved_specialty_column_type=\u00a0\u00bb3_4&Prime; _builder_version=\u00a0\u00bb4.16&Prime; global_colors_info=\u00a0\u00bb{}\u00a0\u00bb][et_pb_text _builder_version=\u00a0\u00bb4.16&Prime; ul_text_color=\u00a0\u00bb#ffffff\u00a0\u00bb header_3_text_color=\u00a0\u00bb#ffffff\u00a0\u00bb global_colors_info=\u00a0\u00bb{}\u00a0\u00bb]<\/p>\n<h3>La formation pratique clinique se d\u00e9roule<\/h3>\n<ul>\n<li>Pour au moins 75% en pr\u00e9sence et sous la responsabilit\u00e9 d\u2019un enseignant ost\u00e9opathe du COA au sein de l\u2019Unit\u00e9 Clinique Ost\u00e9opathique interne au campus de Sophia Antipolis.<\/li>\n<li>La partie restante se r\u00e9alise sur des terrains de formation cliniques externes aupr\u00e8s de maitres de stage, enseignants dans l\u2019\u00e9tablissement ou agr\u00e9\u00e9s par la Direction apr\u00e8s avis du Conseil P\u00e9dagogique.<\/li>\n<\/ul>\n<p>[\/et_pb_text][\/et_pb_column_inner][\/et_pb_row_inner][\/et_pb_column][et_pb_column type=\u00a0\u00bb1_4&Prime; _builder_version=\u00a0\u00bb4.16&Prime; custom_padding=\u00a0\u00bb|||\u00a0\u00bb global_colors_info=\u00a0\u00bb{}\u00a0\u00bb custom_padding__hover=\u00a0\u00bb|||\u00a0\u00bb][et_pb_sidebar orientation=\u00a0\u00bbright\u00a0\u00bb area=\u00a0\u00bbsidebar-1&Prime; show_border=\u00a0\u00bboff\u00a0\u00bb _builder_version=\u00a0\u00bb4.16&Prime; global_colors_info=\u00a0\u00bb{}\u00a0\u00bb][\/et_pb_sidebar][\/et_pb_column][\/et_pb_section]<\/p>\n","protected":false},"excerpt":{"rendered":"<p>La pratique clinique en interne ou externe est une \u00e9tape\u00a0essentielle\u00a0dans l\u2019apprentissage car c\u2019est dans la r\u00e9p\u00e9tition de la technique, du geste, la confrontation aux cas r\u00e9els, la concr\u00e9tisation de la th\u00e9orie dans l\u2019approche des diff\u00e9rents diagnostics que l\u2019\u00e9tudiant,\u00a0encadr\u00e9 par l\u2019\u00e9quipe p\u00e9dagogique, va pouvoir \u00e9voluer jusqu\u2019\u00e0 l\u2019acquis. Pour cela, les \u00e9tapes de formation pratique clinique sont [&hellip;]<\/p>\n","protected":false},"author":1,"featured_media":225312,"parent":0,"menu_order":0,"comment_status":"closed","ping_status":"closed","template":"","meta":{"_et_pb_use_builder":"on","_et_pb_old_content":"","_et_gb_content_width":""},"_links":{"self":[{"href":"https:\/\/atman.fr\/osteopathie\/wp-json\/wp\/v2\/pages\/1745"}],"collection":[{"href":"https:\/\/atman.fr\/osteopathie\/wp-json\/wp\/v2\/pages"}],"about":[{"href":"https:\/\/atman.fr\/osteopathie\/wp-json\/wp\/v2\/types\/page"}],"author":[{"embeddable":true,"href":"https:\/\/atman.fr\/osteopathie\/wp-json\/wp\/v2\/users\/1"}],"replies":[{"embeddable":true,"href":"https:\/\/atman.fr\/osteopathie\/wp-json\/wp\/v2\/comments?post=1745"}],"version-history":[{"count":7,"href":"https:\/\/atman.fr\/osteopathie\/wp-json\/wp\/v2\/pages\/1745\/revisions"}],"predecessor-version":[{"id":227455,"href":"https:\/\/atman.fr\/osteopathie\/wp-json\/wp\/v2\/pages\/1745\/revisions\/227455"}],"wp:featuredmedia":[{"embeddable":true,"href":"https:\/\/atman.fr\/osteopathie\/wp-json\/wp\/v2\/media\/225312"}],"wp:attachment":[{"href":"https:\/\/atman.fr\/osteopathie\/wp-json\/wp\/v2\/media?parent=1745"}],"curies":[{"name":"wp","href":"https:\/\/api.w.org\/{rel}","templated":true}]}}