{"id":1805,"date":"2019-09-30T09:16:23","date_gmt":"2019-09-30T09:16:23","guid":{"rendered":"https:\/\/atman.fr\/osteopathie\/?page_id=1805"},"modified":"2025-09-16T07:58:37","modified_gmt":"2025-09-16T07:58:37","slug":"admission-ecole-osteopathie","status":"publish","type":"page","link":"https:\/\/atman.fr\/osteopathie\/admission-ecole-osteopathie\/","title":{"rendered":"Admission"},"content":{"rendered":"<p>[et_pb_section fb_built=\u00a0\u00bb1&Prime; specialty=\u00a0\u00bbon\u00a0\u00bb _builder_version=\u00a0\u00bb4.16&Prime; global_colors_info=\u00a0\u00bb{}\u00a0\u00bb][et_pb_column type=\u00a0\u00bb3_4&Prime; specialty_columns=\u00a0\u00bb3&Prime; _builder_version=\u00a0\u00bb4.16&Prime; custom_padding=\u00a0\u00bb|||\u00a0\u00bb global_colors_info=\u00a0\u00bb{}\u00a0\u00bb custom_padding__hover=\u00a0\u00bb|||\u00a0\u00bb][et_pb_row_inner _builder_version=\u00a0\u00bb4.16&Prime; global_colors_info=\u00a0\u00bb{}\u00a0\u00bb][et_pb_column_inner saved_specialty_column_type=\u00a0\u00bb3_4&Prime; _builder_version=\u00a0\u00bb4.16&Prime; global_colors_info=\u00a0\u00bb{}\u00a0\u00bb][et_pb_text _builder_version=\u00a0\u00bb4.16&Prime; text_font=\u00a0\u00bb||||||||\u00a0\u00bb header_3_font=\u00a0\u00bb|||on|||||\u00a0\u00bb global_colors_info=\u00a0\u00bb{}\u00a0\u00bb]<\/p>\n<div>\n<h3>Conditions d\u2019admission<\/h3>\n<\/div>\n<div>\n<blockquote><\/blockquote>\n<\/div>\n<p>[\/et_pb_text][et_pb_image src=\u00a0\u00bbhttps:\/\/atman.fr\/osteopathie\/wp-content\/uploads\/sites\/8\/2019\/09\/admission.jpg\u00a0\u00bb _builder_version=\u00a0\u00bb4.16&Prime; global_colors_info=\u00a0\u00bb{}\u00a0\u00bb][\/et_pb_image][et_pb_button button_url=\u00a0\u00bbhttps:\/\/forms.office.com\/e\/PKvTBkzS4T\u00a0\u00bb url_new_window=\u00a0\u00bbon\u00a0\u00bb button_text=\u00a0\u00bbDEMANDER UNE BROCHURE\u00a0\u00bb button_alignment=\u00a0\u00bbcenter\u00a0\u00bb _builder_version=\u00a0\u00bb4.17.4&Prime; _module_preset=\u00a0\u00bbdefault\u00a0\u00bb hover_enabled=\u00a0\u00bb0&Prime; global_colors_info=\u00a0\u00bb{}\u00a0\u00bb sticky_enabled=\u00a0\u00bb0&Prime;][\/et_pb_button][et_pb_button button_url=\u00a0\u00bbhttps:\/\/forms.office.com\/e\/rsgP1B8gLL\u00a0\u00bb url_new_window=\u00a0\u00bbon\u00a0\u00bb button_text=\u00a0\u00bbCANDIDATER\u00a0\u00bb button_alignment=\u00a0\u00bbcenter\u00a0\u00bb _builder_version=\u00a0\u00bb4.17.4&Prime; _module_preset=\u00a0\u00bbdefault\u00a0\u00bb global_colors_info=\u00a0\u00bb{}\u00a0\u00bb][\/et_pb_button][et_pb_text _builder_version=\u00a0\u00bb4.16&Prime; text_font=\u00a0\u00bb||||||||\u00a0\u00bb header_3_font=\u00a0\u00bb|||on|||||\u00a0\u00bb global_colors_info=\u00a0\u00bb{}\u00a0\u00bb]<\/p>\n<div><span>Pour \u00eatre admis \u00e0 suivre la formation en ost\u00e9opathie,\u00a0<\/span><strong>les candidats doivent \u00eatre \u00e2g\u00e9s de 17 ans minimum au 31 d\u00e9cembre de l\u2019ann\u00e9e de leur entr\u00e9e en formation et titulaires du baccalaur\u00e9at ou d\u2019un titre admis en \u00e9quivalence<\/strong><span>. Les \u00e9l\u00e8ves en classe de terminale peuvent pr\u00e9senter leur candidature. Leur admission d\u00e9finitive sera subordonn\u00e9e \u00e0 l\u2019obtention du baccalaur\u00e9at.<\/span><\/div>\n<div>\n<blockquote><\/blockquote>\n<\/div>\n<p>[\/et_pb_text][et_pb_text _builder_version=\u00a0\u00bb4.16&Prime; text_font=\u00a0\u00bb||||||||\u00a0\u00bb text_text_color=\u00a0\u00bb#ffffff\u00a0\u00bb header_3_font=\u00a0\u00bb|||on|||||\u00a0\u00bb background_color=\u00a0\u00bb#0077bc\u00a0\u00bb custom_padding=\u00a0\u00bb2vh|2vw|2vh|2vw|true|true\u00a0\u00bb custom_padding_tablet=\u00a0\u00bb2vh|4vw|2vh|4vw|true|true\u00a0\u00bb custom_padding_phone=\u00a0\u00bb|5vw||5vw|true|true\u00a0\u00bb custom_padding_last_edited=\u00a0\u00bbon|phone\u00a0\u00bb border_radii=\u00a0\u00bbon|32px|32px|32px|32px\u00a0\u00bb box_shadow_style=\u00a0\u00bbpreset3&Prime; global_colors_info=\u00a0\u00bb{}\u00a0\u00bb]<\/p>\n<div>\n<p><span>Les candidats sont s\u00e9lectionn\u00e9s sur la base\u00a0<strong>d\u2019un dossier comprenant les pi\u00e8ces suivantes<\/strong>\u00a0:<\/span><\/p>\n<ul>\n<li><span>Curriculum vitae<\/span><\/li>\n<li><span>Lettre de motivation\u00a0<\/span><\/li>\n<li><span>Dossier scolaire avec r\u00e9sultats et appr\u00e9ciations\u00a0<\/span><\/li>\n<li><span>Attestations de travail le cas \u00e9ch\u00e9ant\u00a0<\/span><\/li>\n<li><span>Copie du baccalaur\u00e9at ou du titre admis en \u00e9quivalence\u00a0<\/span><\/li>\n<li><span>Certificat de scolarit\u00e9 pour les candidats de terminale<\/span><\/li>\n<\/ul>\n<\/div>\n<p>[\/et_pb_text][et_pb_text _builder_version=\u00a0\u00bb4.16&Prime; text_font=\u00a0\u00bb||||||||\u00a0\u00bb header_3_font=\u00a0\u00bb|||on|||||\u00a0\u00bb global_colors_info=\u00a0\u00bb{}\u00a0\u00bb]<\/p>\n<p>Le dossier est<span>\u00a0<\/span><strong>\u00e9valu\u00e9 par un coordinateur p\u00e9dagogique<\/strong>, celui-ci peut le valider ou non.<br \/>Les candidats retenus se pr\u00e9sentent \u00e0<span>\u00a0<\/span><strong>un entretien avec un coordinateur p\u00e9dagogique<\/strong><span>\u00a0<\/span>visant \u00e0 \u00e9valuer leur motivation et leurs aptitudes \u00e0 suivre la formation sur la base du dossier.<\/p>\n<p>L\u2019<strong>acceptation du dossier de candidature est valid\u00e9e par le coordinateur p\u00e9dagogique et le Directeur de l\u2019\u00e9tablissement et des \u00e9tudes<\/strong>. En l\u2019absence de ce dernier, trois coordinateurs p\u00e9dagogiques valident l\u2019admission.<\/p>\n<p>L\u2019inscription d\u00e9finitive d\u2019un \u00e9tudiant en premi\u00e8re ann\u00e9e d\u00e9pend de la capacit\u00e9 d\u2019accueil existante autoris\u00e9e en<span>\u00a0<\/span><strong>tenant compte des \u00e9tudiants provenant d\u2019\u00e9tablissement ayant perdu leur agr\u00e9ment<\/strong>.<\/p>\n<p>[\/et_pb_text][et_pb_accordion _builder_version=\u00a0\u00bb4.16&Prime; global_colors_info=\u00a0\u00bb{}\u00a0\u00bb][et_pb_accordion_item title=\u00a0\u00bbAccord de dispenses de suivi et de validation des Unit\u00e9s d&rsquo;Enseignement de la formation en ost\u00e9opathie\u00a0\u00bb open=\u00a0\u00bbon\u00a0\u00bb open_toggle_text_color=\u00a0\u00bb#0077bc\u00a0\u00bb _builder_version=\u00a0\u00bb4.16&Prime; border_radii=\u00a0\u00bbon|32px|32px|32px|32px\u00a0\u00bb border_width_all=\u00a0\u00bb2px\u00a0\u00bb border_color_all=\u00a0\u00bb#0077bc\u00a0\u00bb box_shadow_style=\u00a0\u00bbpreset3&Prime; global_colors_info=\u00a0\u00bb{}\u00a0\u00bb toggle_text_color=\u00a0\u00bb#0077bc\u00a0\u00bb toggle_font=\u00a0\u00bbOpen Sans Condensed||||||||\u00a0\u00bb toggle_font_size=\u00a0\u00bb20px\u00a0\u00bb]<\/p>\n<p><strong>Des dispenses de suivi et de validation d\u2019une partie des Unit\u00e9s d\u2019Enseignement de la formation en ost\u00e9opathie sont accord\u00e9es<\/strong><span>\u00a0<\/span>de droit aux personnes titulaires d\u2019un dipl\u00f4me d\u2019\u00e9tat de docteur en m\u00e9decine, de sage-femme, de masseur-kin\u00e9sith\u00e9rapeute, de p\u00e9dicure-podologue et d\u2019infirmier ainsi qu\u2019aux personnes ayant valid\u00e9 une premi\u00e8re ann\u00e9e scientifique dans le domaine de la biologie ou de la m\u00e9decine ou le premier cycles des \u00e9tudes m\u00e9dicales, dans les conditions pr\u00e9vues par l\u2019arr\u00eat\u00e9 minist\u00e9riel du 12 d\u00e9cembre 2014 relatif \u00e0 la formation en ost\u00e9opathie.<\/p>\n<p><strong>D\u2019autres dispenses d\u2019enseignements th\u00e9oriques peuvent \u00eatre accord\u00e9es par la Direction en fonction de la formation suivie ant\u00e9rieurement et de leur exp\u00e9rience professionnelle.\u00a0<\/strong>Les candidats pouvant pr\u00e9tendre \u00e0 des dispenses \u00e0 plusieurs titres b\u00e9n\u00e9ficient de la dispense la plus favorable pour chaque Unit\u00e9 d\u2019Enseignement.<\/p>\n<p><strong>Des dispenses de suivi et de validation d\u2019une partie des Unit\u00e9s d\u2019Enseignement de la formation en ost\u00e9opathie sont accord\u00e9es aux personnes titulaires du titre de chiropracteur<\/strong><span>\u00a0<\/span>dans les conditions pr\u00e9vues par l\u2019arr\u00eat\u00e9 du 12 d\u00e9cembre 2014 relatif \u00e0 la formation en ost\u00e9opathie.<br \/>La Direction du COA, apr\u00e8s avis du Conseil P\u00e9dagogique, peut dispenser de certaines Unit\u00e9s d\u2019Enseignement th\u00e9oriques les autres professionnels de sant\u00e9 titulaires des dipl\u00f4mes mentionn\u00e9s aux livres Ier et II aux titres Ier et VII du livre III de la quatri\u00e8me partie du code de la sant\u00e9 publique ainsi que les titulaires d\u2019un dipl\u00f4me au minimum de licence ou octroyant le grade de licence.<br \/><strong>Ces dispenses sont accord\u00e9es apr\u00e8s comparaison entre la formation suivie et les Unit\u00e9s d\u2019Enseignement composant le programme du dipl\u00f4me permettant d\u2019user du titre d\u2019ost\u00e9opathe.\u00a0<\/strong><\/p>\n<p>[\/et_pb_accordion_item][\/et_pb_accordion][et_pb_blurb title=\u00a0\u00bbInt\u00e9gration en cours de cursus\u00a0\u00bb use_icon=\u00a0\u00bbon\u00a0\u00bb font_icon=\u00a0\u00bb&#x5a;||divi||400&Prime; icon_placement=\u00a0\u00bbleft\u00a0\u00bb _builder_version=\u00a0\u00bb4.16&Prime; header_font=\u00a0\u00bbOpen Sans Condensed||||||||\u00a0\u00bb header_text_color=\u00a0\u00bb#0077bc\u00a0\u00bb header_font_size=\u00a0\u00bb20px\u00a0\u00bb background_color=\u00a0\u00bb#c5d5ea\u00a0\u00bb custom_margin=\u00a0\u00bb5vh||||false|false\u00a0\u00bb custom_padding=\u00a0\u00bb2vh|2vw|2vh|2vw|true|true\u00a0\u00bb border_radii=\u00a0\u00bbon|32px|32px|32px|32px\u00a0\u00bb box_shadow_style=\u00a0\u00bbpreset3&Prime; global_colors_info=\u00a0\u00bb{}\u00a0\u00bb]<\/p>\n<p>Les \u00e9tudiants ayant effectu\u00e9 une p\u00e9riode d\u2019\u00e9tude non sanctionn\u00e9e par un dipl\u00f4me au sein d\u2019un \u00e9tablissement<span>\u00a0<\/span><strong>dont l\u2019agr\u00e9ment n\u2019a pas \u00e9t\u00e9 renouvel\u00e9 ou a \u00e9t\u00e9 retir\u00e9<\/strong>, devront faire une demande d\u2019int\u00e9gration par<strong><span>\u00a0<\/span>courrier \u00e9lectronique<\/strong>,<span>\u00a0<\/span><strong>postal<\/strong><span>\u00a0<\/span>ou<span>\u00a0<\/span><strong>t\u00e9l\u00e9phone<\/strong>.<\/p>\n<p>Ces \u00e9tudiants b\u00e9n\u00e9ficient, dans la limite du nombre maximal que l\u2019\u00e9tablissement s\u2019engage \u00e0 accueillir et dans le respect des conditions d\u2019agr\u00e9ment,<span>\u00a0<\/span><strong>d\u2019une priorit\u00e9 sur les autres \u00e9tudiants souhaitant rejoindre l\u2019\u00e9tablissement<\/strong>.\u00a0Ils b\u00e9n\u00e9ficient d\u2019un report de scolarit\u00e9 d\u2019une dur\u00e9e maximale de trois ans avant de se r\u00e9inscrire dans un nouvel \u00e9tablissement.<\/p>\n<p><strong>Les modalit\u00e9s d\u2019accueil et de reprise d\u2019\u00e9tudes sont fix\u00e9es par le Conseil P\u00e9dagogique<\/strong>.\u00a0Ces \u00e9tudiants<span>\u00a0<\/span><strong>conservent le b\u00e9n\u00e9fice de leurs acquis de formation<\/strong>.\u00a0L\u2019\u00e9tablissement d\u2019origine est tenu de remettre \u00e0 l\u2019\u00e9tudiant un r<strong>\u00e9capitulatif dat\u00e9 et sign\u00e9 des Unit\u00e9s d\u2019Enseignement de Formation Pratique Clinique suivies ainsi que les r\u00e9sultats obtenus depuis l\u2019entr\u00e9e en formation<\/strong>.<\/p>\n<p>[\/et_pb_blurb][et_pb_button button_url=\u00a0\u00bbhttps:\/\/forms.office.com\/e\/PKvTBkzS4T\u00a0\u00bb url_new_window=\u00a0\u00bbon\u00a0\u00bb button_text=\u00a0\u00bbDEMANDER UNE BROCHURE\u00a0\u00bb button_alignment=\u00a0\u00bbcenter\u00a0\u00bb _builder_version=\u00a0\u00bb4.17.4&Prime; _module_preset=\u00a0\u00bbdefault\u00a0\u00bb hover_enabled=\u00a0\u00bb0&Prime; global_colors_info=\u00a0\u00bb{}\u00a0\u00bb sticky_enabled=\u00a0\u00bb0&Prime;][\/et_pb_button][et_pb_button button_url=\u00a0\u00bbhttps:\/\/forms.office.com\/e\/rsgP1B8gLL\u00a0\u00bb url_new_window=\u00a0\u00bbon\u00a0\u00bb button_text=\u00a0\u00bbCANDIDATER\u00a0\u00bb button_alignment=\u00a0\u00bbcenter\u00a0\u00bb _builder_version=\u00a0\u00bb4.17.4&Prime; _module_preset=\u00a0\u00bbdefault\u00a0\u00bb global_colors_info=\u00a0\u00bb{}\u00a0\u00bb][\/et_pb_button][et_pb_text _builder_version=\u00a0\u00bb4.17.4&Prime; text_font=\u00a0\u00bb||||||||\u00a0\u00bb header_3_font=\u00a0\u00bb|||on|||||\u00a0\u00bb global_colors_info=\u00a0\u00bb{}\u00a0\u00bb]<\/p>\n<div>\n<h3>Conditions G\u00e9n\u00e9rales de vente et inscription<\/h3>\n<\/div>\n<div>\n<blockquote><\/blockquote>\n<\/div>\n<p>[\/et_pb_text][et_pb_text _builder_version=\u00a0\u00bb4.17.4&Prime; text_font=\u00a0\u00bb||||||||\u00a0\u00bb header_3_font=\u00a0\u00bb|||on|||||\u00a0\u00bb custom_padding=\u00a0\u00bb||0px|||\u00a0\u00bb global_colors_info=\u00a0\u00bb{}\u00a0\u00bb]<\/p>\n<div><span>Veuillez trouver les conditions g\u00e9n\u00e9rales de vente et inscription <a href=\"https:\/\/atman.fr\/osteopathie\/wp-content\/uploads\/sites\/8\/2022\/09\/COA-Conditions-Generales-de-vente-et-inscription-2022_23.pdf\" target=\"_blank\" rel=\"noopener\" title=\"COA - Conditions G\u00e9n\u00e9rales de Vente et Inscription\">ici<\/a>. Elles s&rsquo;appliqueront quand vous serez inscrit dans notre formation initiale en ost\u00e9opathie.<\/span><span><\/span><\/div>\n<div>\n<blockquote><\/blockquote>\n<\/div>\n<p>[\/et_pb_text][\/et_pb_column_inner][\/et_pb_row_inner][\/et_pb_column][et_pb_column type=\u00a0\u00bb1_4&Prime; _builder_version=\u00a0\u00bb4.16&Prime; custom_padding=\u00a0\u00bb|||\u00a0\u00bb global_colors_info=\u00a0\u00bb{}\u00a0\u00bb custom_padding__hover=\u00a0\u00bb|||\u00a0\u00bb][\/et_pb_column][\/et_pb_section]<\/p>\n","protected":false},"excerpt":{"rendered":"<p>Conditions d\u2019admission Pour \u00eatre admis \u00e0 suivre la formation en ost\u00e9opathie,\u00a0les candidats doivent \u00eatre \u00e2g\u00e9s de 17 ans minimum au 31 d\u00e9cembre de l\u2019ann\u00e9e de leur entr\u00e9e en formation et titulaires du baccalaur\u00e9at ou d\u2019un titre admis en \u00e9quivalence. Les \u00e9l\u00e8ves en classe de terminale peuvent pr\u00e9senter leur candidature. Leur admission d\u00e9finitive sera subordonn\u00e9e \u00e0 [&hellip;]<\/p>\n","protected":false},"author":1,"featured_media":1816,"parent":0,"menu_order":0,"comment_status":"closed","ping_status":"closed","template":"","meta":{"_et_pb_use_builder":"on","_et_pb_old_content":"","_et_gb_content_width":""},"_links":{"self":[{"href":"https:\/\/atman.fr\/osteopathie\/wp-json\/wp\/v2\/pages\/1805"}],"collection":[{"href":"https:\/\/atman.fr\/osteopathie\/wp-json\/wp\/v2\/pages"}],"about":[{"href":"https:\/\/atman.fr\/osteopathie\/wp-json\/wp\/v2\/types\/page"}],"author":[{"embeddable":true,"href":"https:\/\/atman.fr\/osteopathie\/wp-json\/wp\/v2\/users\/1"}],"replies":[{"embeddable":true,"href":"https:\/\/atman.fr\/osteopathie\/wp-json\/wp\/v2\/comments?post=1805"}],"version-history":[{"count":18,"href":"https:\/\/atman.fr\/osteopathie\/wp-json\/wp\/v2\/pages\/1805\/revisions"}],"predecessor-version":[{"id":228030,"href":"https:\/\/atman.fr\/osteopathie\/wp-json\/wp\/v2\/pages\/1805\/revisions\/228030"}],"wp:featuredmedia":[{"embeddable":true,"href":"https:\/\/atman.fr\/osteopathie\/wp-json\/wp\/v2\/media\/1816"}],"wp:attachment":[{"href":"https:\/\/atman.fr\/osteopathie\/wp-json\/wp\/v2\/media?parent=1805"}],"curies":[{"name":"wp","href":"https:\/\/api.w.org\/{rel}","templated":true}]}}