{"id":1826,"date":"2019-09-30T09:24:43","date_gmt":"2019-09-30T09:24:43","guid":{"rendered":"https:\/\/atman.fr\/osteopathie\/?page_id=1826"},"modified":"2026-02-19T08:43:05","modified_gmt":"2026-02-19T08:43:05","slug":"nos-diplomes","status":"publish","type":"page","link":"https:\/\/atman.fr\/osteopathie\/nos-diplomes\/","title":{"rendered":"Qualit\u00e9 &#8211; Enqu\u00eates d\u2019insertion"},"content":{"rendered":"<p>[et_pb_section fb_built=\u00a0\u00bb1&Prime; specialty=\u00a0\u00bbon\u00a0\u00bb _builder_version=\u00a0\u00bb4.16&Prime; global_colors_info=\u00a0\u00bb{}\u00a0\u00bb][et_pb_column type=\u00a0\u00bb3_4&Prime; specialty_columns=\u00a0\u00bb3&Prime; _builder_version=\u00a0\u00bb4.16&Prime; custom_padding=\u00a0\u00bb|||\u00a0\u00bb global_colors_info=\u00a0\u00bb{}\u00a0\u00bb custom_padding__hover=\u00a0\u00bb|||\u00a0\u00bb][et_pb_row_inner _builder_version=\u00a0\u00bb4.16&Prime; global_colors_info=\u00a0\u00bb{}\u00a0\u00bb][et_pb_column_inner saved_specialty_column_type=\u00a0\u00bb3_4&Prime; _builder_version=\u00a0\u00bb4.16&Prime; global_colors_info=\u00a0\u00bb{}\u00a0\u00bb][et_pb_text _builder_version=\u00a0\u00bb4.16&Prime; text_font=\u00a0\u00bb||||||||\u00a0\u00bb header_3_font=\u00a0\u00bb|||on|||||\u00a0\u00bb global_colors_info=\u00a0\u00bb{}\u00a0\u00bb]<\/p>\n<p><strong>LE CENTRE D\u2019OSTEOPATHIE ATMAN,<\/strong><span>\u00a0<\/span>premier \u00e9tablissement de formation initiale en ost\u00e9opathie ouvert en France, fond\u00e9 en 1980 par Monsieur Marc BOZZETTO,D.O. a \u00e9t\u00e9 agr\u00e9\u00e9 pour la premi\u00e8re fois en 2007, reconduction d\u2019agr\u00e9ment en 2012, en 2016, en 2021 et en 2022 <span style=\"font-size: small\">(provisoire &#8211; d\u00e9cision n\u00b02022-63 du 21 juillet 2022).<\/span><\/p>\n<p>Former les ost\u00e9opathes de demain et les accompagner dans l\u2019acquisition des comp\u00e9tences n\u00e9cessaires \u00e0 l\u2019exercice de leur art, sont les fils conducteurs de notre action autour d\u2019engagements forts et clairs de la Direction et de notre \u00e9quipe p\u00e9dagogique, ceci, dans le strict respect de la s\u00e9curit\u00e9 des patients et des prescriptions du cadre r\u00e8glementaire et l\u00e9gal tel qu\u2019il a \u00e9t\u00e9 fix\u00e9 par :<\/p>\n<ul>\n<li>Le d\u00e9cret n\u00b02007-435 du 25 mars 2007 modifi\u00e9 relatif aux actes et aux conditions d\u2019exercice de l\u2019ost\u00e9opathie ;<\/li>\n<li>Le d\u00e9cret n\u00b02007-437 du 25 mars 2007 relatif \u00e0 la formation des ost\u00e9opathes et \u00e0 l\u2019agr\u00e9ment des \u00e9tablissements des formations ;<\/li>\n<li>Le d\u00e9cret n\u00b02014-1043 du 12 septembre 2014 relatif \u00e0 l\u2019agr\u00e9ment des \u00e9tablissements de formation \u00e0 l\u2019ost\u00e9opathie ;<\/li>\n<li>Le d\u00e9cret n\u00b02014-1505 du 12 d\u00e9cembre 2014 relatif \u00e0 la formation en ost\u00e9opathie ;<\/li>\n<li>Le r\u00e9f\u00e9rentiel d\u2019activit\u00e9s, de comp\u00e9tences et de formation d\u00e9fini par arr\u00eat\u00e9 conjoint des ministres charg\u00e9s de l\u2019enseignement sup\u00e9rieur et de la sant\u00e9 ;<\/li>\n<\/ul>\n<h3><strong>Notre \u00e9tablissement est engag\u00e9 dans une d\u00e9marche qualit\u00e9.<\/strong><\/h3>\n<p>Le Minist\u00e8re de la Sant\u00e9 a fait part de ses exigences par l\u2019interm\u00e9diaire des D\u00e9crets de 2014. Nous avons bien \u00e9videmment le devoir de faire respecter ces exigences tout au long des 5 ann\u00e9es de formation au sein de notre Ecole. C\u2019est une qualit\u00e9 de service que nous devons \u00e0 nos \u00e9tudiants.<\/p>\n<p>Pour ce faire, nous avons fait le choix d\u2019\u00eatre audit\u00e9 tous les ans par l\u2019organisme de certification VERITAS qui vient contr\u00f4ler la qualit\u00e9 de notre organisation interne, la structuration de notre p\u00e9dagogie et l\u2019articulation de nos enseignements th\u00e9oriques et pratiques, qui sont les fondements indispensables \u00e0 l\u2019accompagnement et \u00e0 la r\u00e9ussite de nos \u00e9tudiants. Le but est bien de leur donner les outils n\u00e9cessaires afin qu\u2019ils deviennent des th\u00e9rapeutes autonomes, responsables, conscients de la s\u00e9curit\u00e9 et du respect du patient. Cette d\u00e9marche s\u2019inscrit pleinement dans le respect et la volont\u00e9 du Minist\u00e8re de la Sant\u00e9.<\/p>\n<p>&nbsp;<\/p>\n<p>[\/et_pb_text][et_pb_text module_id=\u00a0\u00bbenquetes\u00a0\u00bb _builder_version=\u00a0\u00bb4.17.4&Prime; text_font=\u00a0\u00bb||||||||\u00a0\u00bb header_3_font=\u00a0\u00bb|||on|||||\u00a0\u00bb global_colors_info=\u00a0\u00bb{}\u00a0\u00bb]<\/p>\n<h2><strong>ENQUETE D\u2019INSERTION ATMAN<\/strong><\/h2>\n<p>Le d\u00e9cret N\u00b0 2014-1043 du 12 Septembre 2014 relatif \u00e0 l\u2019agr\u00e9ment des \u00e9tablissements de formation en ost\u00e9opathie demande \u00e0 ce qu\u2019une enqu\u00eate d\u2019insertion (18 mois et 30 mois) apr\u00e8s l\u2019obtention du dipl\u00f4me soit publi\u00e9e.<\/p>\n<p>Les \u00e9l\u00e9ments des enqu\u00eates ci-dessous nous informent sur :<\/p>\n<ul>\n<li>Le d\u00e9lai d\u2019installation<\/li>\n<li>La localisation<\/li>\n<li>Le type d\u2019installation<\/li>\n<li>Le statut professionnel<\/li>\n<li>Le revenu annuel brut<\/li>\n<li>Le niveau d\u2019\u00e9tude des \u00e9tudiants \u00e0 l\u2019entr\u00e9e de la formation<\/li>\n<li>Dans un souci de transparence et d\u2019am\u00e9lioration constante de la qualit\u00e9 de sa formation, ATMAN \u00e0 ins\u00e9r\u00e9 \u00e9galement dans les enqu\u00eates, des questions cibl\u00e9es sur la pertinence de son enseignement et sur l\u2019adaptation \u00e0 l\u2019exercice professionnel des connaissances acquises lors de cette formation de 5 ans<\/li>\n<\/ul>\n<p>Enqu\u00eates d\u2019insertion (18 ou 30 mois apr\u00e8s avoir obtenu le titre professionnel d&rsquo;ost\u00e9opathie)<\/p>\n<ul>\n<li><a href=\"https:\/\/atman.fr\/osteopathie\/wp-content\/uploads\/sites\/8\/2026\/02\/COA-EnquetesAtman-2026-Promo2024-18mois.pdf\">Enqu\u00eate 2026 &#8211; Promo 2024 &#8211; 18 mois<\/a><\/li>\n<li><a href=\"https:\/\/atman.fr\/osteopathie\/wp-content\/uploads\/sites\/8\/2026\/02\/COA-EnquetesAtman-2026-Promo2023-30mois.pdf\">Enqu\u00eate 2026 &#8211; Promo 2023 &#8211; 30 mois<\/a><\/li>\n<li><a href=\"https:\/\/atman.fr\/osteopathie\/wp-content\/uploads\/sites\/8\/2025\/09\/COA-EnquetesAtman-2025-Promo2023-18mois.pdf\">Enqu\u00eate 2025 &#8211; Promo 2023 &#8211; 18 mois<\/a><\/li>\n<li><a href=\"https:\/\/atman.fr\/osteopathie\/wp-content\/uploads\/sites\/8\/2025\/09\/COA-EnquetesAtman-2025-Promo2022-30mois.pdf\">Enqu\u00eate 2025 &#8211; Promo 2022 &#8211; 30 mois<\/a><\/li>\n<li><a href=\"https:\/\/atman.fr\/osteopathie\/wp-content\/uploads\/sites\/8\/2025\/09\/COA-EnquetesAtman-2024-Promo2022-18mois.pdf\">Enqu\u00eate 2024 &#8211; Promo 2022 &#8211; 18 mois<\/a><\/li>\n<li><a href=\"https:\/\/atman.fr\/osteopathie\/wp-content\/uploads\/sites\/8\/2025\/09\/COA-EnquetesAtman-2024-Promo2021-30mois.pdf\">Enqu\u00eate 2024 &#8211; Promo 2021 &#8211; 30 mois<\/a><\/li>\n<li>\n<p><a href=\"https:\/\/atman.fr\/osteopathie\/wp-content\/uploads\/sites\/8\/2025\/09\/COA-EnquetesAtman-2023-Promo2021-18mois.pdf\">Enqu\u00eate 2023 &#8211; Promo 2021 &#8211; 18 mois<\/a><\/p>\n<\/li>\n<\/ul>\n<p>[\/et_pb_text][\/et_pb_column_inner][\/et_pb_row_inner][\/et_pb_column][et_pb_column type=\u00a0\u00bb1_4&Prime; _builder_version=\u00a0\u00bb4.16&Prime; custom_padding=\u00a0\u00bb|||\u00a0\u00bb global_colors_info=\u00a0\u00bb{}\u00a0\u00bb custom_padding__hover=\u00a0\u00bb|||\u00a0\u00bb][et_pb_sidebar orientation=\u00a0\u00bbright\u00a0\u00bb area=\u00a0\u00bbsidebar-1&Prime; show_border=\u00a0\u00bboff\u00a0\u00bb _builder_version=\u00a0\u00bb4.16&Prime; global_colors_info=\u00a0\u00bb{}\u00a0\u00bb][\/et_pb_sidebar][\/et_pb_column][\/et_pb_section]<\/p>\n","protected":false},"excerpt":{"rendered":"<p>LE CENTRE D\u2019OSTEOPATHIE ATMAN,\u00a0premier \u00e9tablissement de formation initiale en ost\u00e9opathie ouvert en France, fond\u00e9 en 1980 par Monsieur Marc BOZZETTO,D.O. a \u00e9t\u00e9 agr\u00e9\u00e9 pour la premi\u00e8re fois en 2007, reconduction d\u2019agr\u00e9ment en 2012, en 2016, en 2021 et en 2022 (provisoire &#8211; d\u00e9cision n\u00b02022-63 du 21 juillet 2022). Former les ost\u00e9opathes de demain et les [&hellip;]<\/p>\n","protected":false},"author":1,"featured_media":225829,"parent":0,"menu_order":0,"comment_status":"closed","ping_status":"closed","template":"","meta":{"_et_pb_use_builder":"on","_et_pb_old_content":"","_et_gb_content_width":""},"_links":{"self":[{"href":"https:\/\/atman.fr\/osteopathie\/wp-json\/wp\/v2\/pages\/1826"}],"collection":[{"href":"https:\/\/atman.fr\/osteopathie\/wp-json\/wp\/v2\/pages"}],"about":[{"href":"https:\/\/atman.fr\/osteopathie\/wp-json\/wp\/v2\/types\/page"}],"author":[{"embeddable":true,"href":"https:\/\/atman.fr\/osteopathie\/wp-json\/wp\/v2\/users\/1"}],"replies":[{"embeddable":true,"href":"https:\/\/atman.fr\/osteopathie\/wp-json\/wp\/v2\/comments?post=1826"}],"version-history":[{"count":28,"href":"https:\/\/atman.fr\/osteopathie\/wp-json\/wp\/v2\/pages\/1826\/revisions"}],"predecessor-version":[{"id":228099,"href":"https:\/\/atman.fr\/osteopathie\/wp-json\/wp\/v2\/pages\/1826\/revisions\/228099"}],"wp:featuredmedia":[{"embeddable":true,"href":"https:\/\/atman.fr\/osteopathie\/wp-json\/wp\/v2\/media\/225829"}],"wp:attachment":[{"href":"https:\/\/atman.fr\/osteopathie\/wp-json\/wp\/v2\/media?parent=1826"}],"curies":[{"name":"wp","href":"https:\/\/api.w.org\/{rel}","templated":true}]}}