{"id":225605,"date":"2019-12-02T19:04:10","date_gmt":"2019-12-02T19:04:10","guid":{"rendered":"https:\/\/atman.fr\/osteopathie\/?page_id=225605"},"modified":"2025-09-15T13:51:55","modified_gmt":"2025-09-15T13:51:55","slug":"jpo","status":"publish","type":"page","link":"https:\/\/atman.fr\/osteopathie\/jpo\/","title":{"rendered":"Portes Ouvertes au campus ATMAN"},"content":{"rendered":"<p>[et_pb_section fb_built=\u00a0\u00bb1&Prime; _builder_version=\u00a0\u00bb4.16&Prime; global_colors_info=\u00a0\u00bb{}\u00a0\u00bb][et_pb_row _builder_version=\u00a0\u00bb4.17.4&Prime; _module_preset=\u00a0\u00bbdefault\u00a0\u00bb locked=\u00a0\u00bboff\u00a0\u00bb global_colors_info=\u00a0\u00bb{}\u00a0\u00bb][et_pb_column type=\u00a0\u00bb4_4&Prime; _builder_version=\u00a0\u00bb4.17.4&Prime; _module_preset=\u00a0\u00bbdefault\u00a0\u00bb global_colors_info=\u00a0\u00bb{}\u00a0\u00bb][et_pb_text _builder_version=\u00a0\u00bb4.17.4&Prime; _module_preset=\u00a0\u00bbdefault\u00a0\u00bb hover_enabled=\u00a0\u00bb0&Prime; global_colors_info=\u00a0\u00bb{}\u00a0\u00bb sticky_enabled=\u00a0\u00bb0&Prime;]<\/p>\n<h2 style=\"color: #0077bc\">Journ\u00e9e Portes Ouvertes du campus ATMAN<\/h2>\n<blockquote><\/blockquote>\n<p>Venez d\u00e9couvrir l&rsquo;\u00e9quipe et le campus ATMAN !<br \/>Vous pouvez vous<strong><a href=\"https:\/\/forms.office.com\/e\/Aj0NuzFR9u\" target=\"_blank\" rel=\"noopener\"> inscrire<\/a><\/strong><\/p>\n<blockquote><\/blockquote>\n<p>&nbsp;<\/p>\n<h2 style=\"color: #0077bc\">Venez d\u00e9couvrir votre Campus au c\u0153ur de Sophia Antipolis !<\/h2>\n<p>Au programme de la matin\u00e9e :<br \/>&#8211; pr\u00e9sentation de l&rsquo;\u00e9quipe<br \/>&#8211; pr\u00e9sentation du programme p\u00e9dagogique, de la profession et des d\u00e9bouch\u00e9s<br \/>&#8211; d\u00e9monstration d&rsquo;une s\u00e9ance d&rsquo;ost\u00e9opathie avec nos \u00e9tudiants et nos encadrants<br \/>&#8211; visite du campus<br \/>&#8211; modalit\u00e9s d&rsquo;inscription et dossier d&rsquo;information<br \/>&#8211; questions\/r\u00e9ponses avec les \u00e9tudiants et les enseignants<\/p>\n<p>&nbsp;<\/p>\n<p>Vous n&rsquo;\u00eates pas disponible lors de la Journ\u00e9e Portes Ouvertes ?<br \/>Vous avez la possibilit\u00e9 de d\u00e9couvrir ATMAN \u00e0 tout moment.<br \/>Appelez-nous pour convenir d&rsquo;un cr\u00e9neau horaire pour un rendez-vous personnalis\u00e9.<\/p>\n<p>&nbsp;<\/p>\n<h2>Contact<\/h2>\n<p><img decoding=\"async\" loading=\"lazy\" src=\"http:\/\/atman.fr\/wp-content\/uploads\/2024\/06\/appel-300x300.png\" width=\"20\" height=\"30\" alt=\"\" class=\"wp-image-227860 alignnone size-medium\" \/>\u00a0 \u00a0<a href=\"tel:+33493000503\">04 93 000 503<\/a><br \/><img decoding=\"async\" loading=\"lazy\" src=\"http:\/\/atman.fr\/wp-content\/uploads\/2024\/06\/enveloppe-de-courrier-electronique-300x300.png\" width=\"20\" height=\"30\" alt=\"\" class=\"wp-image-227861 alignnone size-medium\" \/>\u00a0 \u00a0<a href=\"mailto:contact@atman.fr\">contact@atman.fr<\/a><\/p>\n<p>&nbsp;<\/p>\n<p>[\/et_pb_text][et_pb_text module_id=\u00a0\u00bbinscription-form\u00a0\u00bb _builder_version=\u00a0\u00bb4.17.4&Prime; _module_preset=\u00a0\u00bbdefault\u00a0\u00bb custom_margin=\u00a0\u00bb60px||||false|false\u00a0\u00bb global_colors_info=\u00a0\u00bb{}\u00a0\u00bb]<\/p>\n<h2>Formulaire d&rsquo;inscription<\/h2>\n<p>[\/et_pb_text][et_pb_code admin_label=\u00a0\u00bbCode\u00a0\u00bb _builder_version=\u00a0\u00bb4.17.4&Prime; _module_preset=\u00a0\u00bbdefault\u00a0\u00bb global_colors_info=\u00a0\u00bb{}\u00a0\u00bb]\t\t\t<form id=\"sib_signup_form_7\" method=\"post\" class=\"sib_signup_form\">\n\t\t\t\t<div class=\"sib_loader\" style=\"display:none;\"><img\n\t\t\t\t\t\t\tsrc=\"https:\/\/atman.fr\/osteopathie\/wp-includes\/images\/spinner.gif\" alt=\"loader\"><\/div>\n\t\t\t\t<input type=\"hidden\" name=\"sib_form_action\" value=\"subscribe_form_submit\">\n\t\t\t\t<input type=\"hidden\" name=\"sib_form_id\" value=\"7\">\n                <input type=\"hidden\" name=\"sib_form_alert_notice\" value=\"Remplissez ce champ s\u2019il vous pla\u00eet\">\n                <input type=\"hidden\" name=\"sib_security\" value=\"11d1e1be1d\">\n\t\t\t\t<div class=\"sib_signup_box_inside_7\">\n\t\t\t\t\t<div style=\"\/*display:none*\/\" class=\"sib_msg_disp\">\n\t\t\t\t\t<\/div>\n                    \t\t\t\t\t<p class=\"sib-email-area\"> \r\n    <label class=\"sib-email-area\">Adresse email*<\/label> \r\n    <input type=\"email\" class=\"sib-email-area\" name=\"email\" placeholder=\"\" value=\"\" required=\"required\"> \r\n<\/p>\r\n<p class=\"sib-NOM-area\"> \r\n    <label class=\"sib-NOM-area\">Nom*<\/label> \r\n    <input type=\"text\" class=\"sib-NOM-area\" name=\"NOM\" required=\"required\"> \r\n<\/p>\r\n<p class=\"sib-PRENOM-area\"> \r\n    <label class=\"sib-PRENOM-area\">Pr\u00e9nom*<\/label> \r\n    <input type=\"text\" class=\"sib-PRENOM-area\" name=\"PRENOM\" required=\"required\"> \r\n<\/p>\r\n<p class=\"sib-VILLE-area\"> \r\n    <label class=\"sib-VILLE-area\">Ville*<\/label> \r\n    <input type=\"text\" class=\"sib-VILLE-area\" name=\"VILLE\" required=\"required\"> \r\n<\/p>\r\n\r\n<p class=\"sib-SMS-area\"> \r\n    <label class=\"sib-SMS-area\">T\u00e9l\u00e9phone*<\/label> \r\n<div class=\"sib-sms-field\"><div class=\"sib-country-block\"><div class=\"sib-toggle sib-country-flg\"><div class=\"sib-cflags\" style=\"background-image:url(https:\/\/atman.fr\/osteopathie\/wp-content\/plugins\/mailin\/img\/flags\/fr.png)\"><\/div> <div class=\"sib-icon-arrow\"><\/div><\/div> <\/div><ul class=\"sib-country-list\" style=\"display: none\"><\/ul><input type=\"hidden\" name=\"sib_SMS_prefix\" value=\"+33\"><input type=\"text\" name=\"SMS\" class=\"sib-sms\" value=\"+33\" required=\"required\"><\/div>\r\n<\/p>\r\n<p class=\"sib-NIVEAU_ETUDES-area\"> \r\n    <label class=\"sib-NIVEAU_ETUDES-area\">Niveau d'\u00e9tudes*<\/label> \r\n    <input type=\"text\" class=\"sib-NIVEAU_ETUDES-area\" name=\"NIVEAU_ETUDES\" required=\"required\"> \r\n<\/p>\r\n<p>Les donn\u00e9es recueillies par ATMAN ne sont pas c\u00e9d\u00e9es \u00e0 des tiers.<\/p>\r\n<p> \r\n    <input type=\"submit\" class=\"sib-default-btn\" name=\"submit\" value=\"Envoyer\"> \r\n<\/p>\r\n\t\t\t\t<\/div>\n\t\t\t<\/form>\n\t\t\t<style>\n\t\t\t\tform#sib_signup_form_7 { padding: 5px; -moz-box-sizing:border-box; -webkit-box-sizing: border-box; box-sizing: border-box; } form#sib_signup_form_7 input[type=text],form#sib_signup_form_7 input[type=email], form#sib_signup_form_7 select { width: 100%; border-bottom: 2px solid #2c6087; border-top: 0px solid transparent; line-height:2em; border-radius: 5px; height: auto; margin: 5px 0 0 0; box-shadow: 0px 8px 18px -6px rgba(0,0,0,0.3); padding:10px; } form#sib_signup_form_7 .sib-default-btn { transition: color 300ms ease 0ms,background-color 300ms ease 0ms,border 300ms ease 0ms; margin: 5px 0; padding-left: 1em; padding-right: 1em; color:#fff; background-color: #2c6087; font-size: 20px; font-weight:700; font-family: \\\\\\&#039;Open Sans Condensed\\\\\\&#039;,Helvetica,Arial,Lucida,sans-serif!important; line-height: 1.4285; text-align: center; cursor: pointer; vertical-align: middle; -webkit-user-select:none; -moz-user-select:none; -ms-user-select:none; user-select:none; white-space: normal; border:2px solid white; border-radius: 5px; box-shadow: 0px 12px 18px -6px rgba(0,0,0,0.3); } form#sib_signup_form_7 .sib-default-btn:hover { background-color: white; color:#2c6087; border:2px solid #2c6087; } form#sib_signup_form_7 p{ margin: 10px 0 0 0; } .sib-sms { padding-left:50px!important; }form#sib_signup_form_7 p.sib-alert-message {\n    padding: 6px 12px;\n    margin-bottom: 20px;\n    border: 1px solid transparent;\n    border-radius: 4px;\n    -webkit-box-sizing: border-box;\n    -moz-box-sizing: border-box;\n    box-sizing: border-box;\n}\nform#sib_signup_form_7 p.sib-alert-message-error {\n    background-color: #f2dede;\n    border-color: #ebccd1;\n    color: #a94442;\n}\nform#sib_signup_form_7 p.sib-alert-message-success {\n    background-color: #dff0d8;\n    border-color: #d6e9c6;\n    color: #3c763d;\n}\nform#sib_signup_form_7 p.sib-alert-message-warning {\n    background-color: #fcf8e3;\n    border-color: #faebcc;\n    color: #8a6d3b;\n}\n\t\t\t<\/style>\n\t\t\t[\/et_pb_code][et_pb_text _builder_version=\u00a0\u00bb4.17.4&Prime; _module_preset=\u00a0\u00bbdefault\u00a0\u00bb global_colors_info=\u00a0\u00bb{}\u00a0\u00bb]<img decoding=\"async\" loading=\"lazy\" src=\"https:\/\/atman.fr\/osteopathie\/wp-content\/uploads\/sites\/8\/2024\/07\/atman-plan.jpg\" width=\"1298\" height=\"932\" alt=\"\" class=\"wp-image-227854 alignnone size-medium\" \/>[\/et_pb_text][\/et_pb_column][\/et_pb_row][\/et_pb_section]<\/p>\n","protected":false},"excerpt":{"rendered":"<p>Journ\u00e9e Portes Ouvertes du campus ATMAN Venez d\u00e9couvrir l&rsquo;\u00e9quipe et le campus ATMAN !Vous pouvez vous inscrire &nbsp; Venez d\u00e9couvrir votre Campus au c\u0153ur de Sophia Antipolis ! Au programme de la matin\u00e9e :- pr\u00e9sentation de l&rsquo;\u00e9quipe- pr\u00e9sentation du programme p\u00e9dagogique, de la profession et des d\u00e9bouch\u00e9s- d\u00e9monstration d&rsquo;une s\u00e9ance d&rsquo;ost\u00e9opathie avec nos \u00e9tudiants et [&hellip;]<\/p>\n","protected":false},"author":1,"featured_media":0,"parent":0,"menu_order":0,"comment_status":"closed","ping_status":"closed","template":"","meta":{"_et_pb_use_builder":"on","_et_pb_old_content":"","_et_gb_content_width":""},"_links":{"self":[{"href":"https:\/\/atman.fr\/osteopathie\/wp-json\/wp\/v2\/pages\/225605"}],"collection":[{"href":"https:\/\/atman.fr\/osteopathie\/wp-json\/wp\/v2\/pages"}],"about":[{"href":"https:\/\/atman.fr\/osteopathie\/wp-json\/wp\/v2\/types\/page"}],"author":[{"embeddable":true,"href":"https:\/\/atman.fr\/osteopathie\/wp-json\/wp\/v2\/users\/1"}],"replies":[{"embeddable":true,"href":"https:\/\/atman.fr\/osteopathie\/wp-json\/wp\/v2\/comments?post=225605"}],"version-history":[{"count":16,"href":"https:\/\/atman.fr\/osteopathie\/wp-json\/wp\/v2\/pages\/225605\/revisions"}],"predecessor-version":[{"id":228029,"href":"https:\/\/atman.fr\/osteopathie\/wp-json\/wp\/v2\/pages\/225605\/revisions\/228029"}],"wp:attachment":[{"href":"https:\/\/atman.fr\/osteopathie\/wp-json\/wp\/v2\/media?parent=225605"}],"curies":[{"name":"wp","href":"https:\/\/api.w.org\/{rel}","templated":true}]}}