{"id":225647,"date":"2019-12-03T00:05:03","date_gmt":"2019-12-03T00:05:03","guid":{"rendered":"https:\/\/atman.fr\/osteopathie\/?page_id=225647"},"modified":"2022-05-17T15:22:24","modified_gmt":"2022-05-17T15:22:24","slug":"demande-de-candidature","status":"publish","type":"page","link":"https:\/\/atman.fr\/osteopathie\/demande-de-candidature\/","title":{"rendered":"Demande de Candidature &#8211; Brochure"},"content":{"rendered":"<p>[et_pb_section fb_built=\u00a0\u00bb1&Prime; _builder_version=\u00a0\u00bb4.16&Prime; global_colors_info=\u00a0\u00bb{}\u00a0\u00bb][et_pb_row _builder_version=\u00a0\u00bb4.16&Prime; width_tablet=\u00a0\u00bb90%\u00a0\u00bb width_phone=\u00a0\u00bb\u00a0\u00bb width_last_edited=\u00a0\u00bbon|phone\u00a0\u00bb locked=\u00a0\u00bboff\u00a0\u00bb global_colors_info=\u00a0\u00bb{}\u00a0\u00bb][et_pb_column type=\u00a0\u00bb4_4&Prime; saved_specialty_column_type=\u00a0\u00bb3_4&Prime; _builder_version=\u00a0\u00bb4.16&Prime; global_colors_info=\u00a0\u00bb{}\u00a0\u00bb][et_pb_tabs active_tab_background_color=\u00a0\u00bb#0077BC\u00a0\u00bb inactive_tab_background_color=\u00a0\u00bbrgba(0,119,188,0.8)\u00a0\u00bb active_tab_text_color=\u00a0\u00bb#FFFFFF\u00a0\u00bb _builder_version=\u00a0\u00bb4.17.4&Prime; _module_preset=\u00a0\u00bbdefault\u00a0\u00bb tab_text_color=\u00a0\u00bb#FFFFFF\u00a0\u00bb tab_font=\u00a0\u00bb|||on|||||\u00a0\u00bb hover_enabled=\u00a0\u00bb0&Prime; border_width_all=\u00a0\u00bb2px\u00a0\u00bb border_color_all=\u00a0\u00bb#0077BC\u00a0\u00bb box_shadow_style=\u00a0\u00bbpreset3&Prime; global_colors_info=\u00a0\u00bb{}\u00a0\u00bb sticky_enabled=\u00a0\u00bb0&Prime;][et_pb_tab title=\u00a0\u00bbDemande de brochure &#038; dossier de candidature\u00a0\u00bb _builder_version=\u00a0\u00bb4.17.4&Prime; _module_preset=\u00a0\u00bbdefault\u00a0\u00bb hover_enabled=\u00a0\u00bb0&Prime; global_colors_info=\u00a0\u00bb{}\u00a0\u00bb sticky_enabled=\u00a0\u00bb0&Prime;]<\/p>\n\t\t\t<form id=\"sib_signup_form_5\" method=\"post\" class=\"sib_signup_form\">\n\t\t\t\t<div class=\"sib_loader\" style=\"display:none;\"><img\n\t\t\t\t\t\t\tsrc=\"https:\/\/atman.fr\/osteopathie\/wp-includes\/images\/spinner.gif\" alt=\"loader\"><\/div>\n\t\t\t\t<input type=\"hidden\" name=\"sib_form_action\" value=\"subscribe_form_submit\">\n\t\t\t\t<input type=\"hidden\" name=\"sib_form_id\" value=\"5\">\n                <input type=\"hidden\" name=\"sib_form_alert_notice\" value=\"Remplissez ce champ s\u2019il vous pla\u00eet\">\n                <input type=\"hidden\" name=\"sib_security\" value=\"3c2bd48582\">\n\t\t\t\t<div class=\"sib_signup_box_inside_5\">\n\t\t\t\t\t<div style=\"\/*display:none*\/\" class=\"sib_msg_disp\">\n\t\t\t\t\t<\/div>\n                    \t\t\t\t\t<p class=\"sib-email-area\">\r\n    <label class=\"sib-email-area\">Email*<\/label>\r\n    <input type=\"email\" class=\"sib-email-area\" name=\"email\" required=\"required\">\r\n<\/p>\r\n<p class=\"sib-NOM-area\"> \r\n    <label class=\"sib-NOM-area\">NOM*<\/label> \r\n    <input type=\"text\" class=\"sib-NOM-area\" name=\"NOM\" required=\"required\"> \r\n<\/p>\r\n<p class=\"sib-PRENOM-area\"> \r\n    <label class=\"sib-PRENOM-area\">Pr\u00e9nom*<\/label> \r\n    <input type=\"text\" class=\"sib-PRENOM-area\" name=\"PRENOM\" required=\"required\"> \r\n<\/p>\r\n<p class=\"sib-SMS-area\"> \r\n    <label class=\"sib-SMS-area\">T\u00e9l\u00e9phone*<\/label> \r\n<div class=\"sib-sms-field\"><div class=\"sib-country-block\"><div class=\"sib-toggle sib-country-flg\"><div class=\"sib-cflags\"><\/div> <div class=\"sib-icon-arrow\"><\/div><\/div> <\/div><ul class=\"sib-country-list\" style=\"display: none\"><\/ul><input type=\"hidden\" name=\"sib_SMS_prefix\" value=\"+33\"><input type=\"text\" name=\"SMS\" class=\"sib-sms\" value=\"+33\" required=\"required\"><\/div>\r\n<\/p>\r\n<p>Nous recueillons les donn\u00e9es ci-dessus aux seules fins de vous adresser un dossier d'inscription, dans le respect de notre charte de gestion des donn\u00e9es et ne transmettons ces donn\u00e9es \u00e0 aucun tiers en dehors du groupe ATMAN CORPORATE (compos\u00e9 du COA, d'AFOA et d'ATC) et de ses sous-traitants. En cas de non-renvoi du dossier d'inscription, vos donn\u00e9es seront effac\u00e9es au bout de 6 mois.<\/p>\r\n<p class=\"sib-CONSENTEMENT_RGPD-area\"> \r\n  <input type=\"hidden\" name=\"CONSENTEMENT_RGPD\" value=\"0\"><input type=\"checkbox\" value=\"1\" class=\"sib-CONSENTEMENT_RGPD-area\" name=\"CONSENTEMENT_RGPD\" required=\"required\"> \r\n    <label class=\"sib-CONSENTEMENT_RGPD-area\"><strong>J'accepte que mes donn\u00e9es soient r\u00e9colt\u00e9es \u00e0 ces fins et dans ces conditions.<\/strong><\/label> \r\n<\/p>\r\n<p>\r\n    <input type=\"submit\" class=\"sib-default-btn\" value=\"Envoyer\">\r\n<\/p>\r\n<p>Afin d'assurer la confidentialit\u00e9 de vos donn\u00e9es personnelles, vous allez recevoir un e-mail de confirmation. <strong>Pensez \u00e0 v\u00e9rifier vos courriers ind\u00e9sirables !<\/strong> Votre adresse e-mail sera uniquement utilis\u00e9e pour vous envoyer notre newsletter, des informations et\/ou des documents sur les activit\u00e9s et formations d'Atman Osteopathic Campus. Vous pourrez \u00e0 tout moment utiliser le lien de d\u00e9sinscription inclus dans nos courriels.<\/p>\t\t\t\t<\/div>\n\t\t\t<\/form>\n\t\t\t<style>\n\t\t\t\tform#sib_signup_form_5 { padding: 5px; -moz-box-sizing:border-box; -webkit-box-sizing: border-box; box-sizing: border-box; } .sib-sms { padding-left:50px!important; } form#sib_signup_form_5 input[type=text],form#sib_signup_form_5 input[type=email], form#sib_signup_form_5 select { width: 100%; border-bottom: 2px solid #0077bc; border-top: 0px solid transparent; line-height:2em; border-radius: 5px; height: auto; margin: 5px 0 0 0; box-shadow: 0px 8px 18px -6px rgba(0,0,0,0.3); padding:10px; } form#sib_signup_form_5 .sib-default-btn { transition: color 300ms ease 0ms,background-color 300ms ease 0ms,border 300ms ease 0ms; margin: 5px 0; padding-left: 1em; padding-right: 1em; color:#fff; background-color: #0077bc; font-size: 20px; font-weight:700; font-family: &#039;Open Sans Condensed&#039;,Helvetica,Arial,Lucida,sans-serif!important; line-height: 1.4285; text-align: center; cursor: pointer; vertical-align: middle; -webkit-user-select:none; -moz-user-select:none; -ms-user-select:none; user-select:none; white-space: normal; border:2px solid white; border-radius: 5px; box-shadow: 0px 12px 18px -6px rgba(0,0,0,0.3); } form#sib_signup_form_5 .sib-default-btn:hover { background-color: white; color:#0077bc; border:2px solid #0077bc; } form#sib_signup_form_5 p{ margin: 10px 0 0 0; }form#sib_signup_form_5 p.sib-alert-message {\n    padding: 6px 12px;\n    margin-bottom: 20px;\n    border: 1px solid transparent;\n    border-radius: 4px;\n    -webkit-box-sizing: border-box;\n    -moz-box-sizing: border-box;\n    box-sizing: border-box;\n}\nform#sib_signup_form_5 p.sib-alert-message-error {\n    background-color: #f2dede;\n    border-color: #ebccd1;\n    color: #a94442;\n}\nform#sib_signup_form_5 p.sib-alert-message-success {\n    background-color: #dff0d8;\n    border-color: #d6e9c6;\n    color: #3c763d;\n}\nform#sib_signup_form_5 p.sib-alert-message-warning {\n    background-color: #fcf8e3;\n    border-color: #faebcc;\n    color: #8a6d3b;\n}\n\t\t\t<\/style>\n\t\t\t\n<p>[\/et_pb_tab][\/et_pb_tabs][\/et_pb_column][\/et_pb_row][\/et_pb_section]<\/p>\n","protected":false},"excerpt":{"rendered":"\t\t\t<form id=\"sib_signup_form_5\" method=\"post\" class=\"sib_signup_form\">\n\t\t\t\t<div class=\"sib_loader\" style=\"display:none;\"><img\n\t\t\t\t\t\t\tsrc=\"https:\/\/atman.fr\/osteopathie\/wp-includes\/images\/spinner.gif\" alt=\"loader\"><\/div>\n\t\t\t\t<input type=\"hidden\" name=\"sib_form_action\" value=\"subscribe_form_submit\">\n\t\t\t\t<input type=\"hidden\" name=\"sib_form_id\" value=\"5\">\n                <input type=\"hidden\" name=\"sib_form_alert_notice\" value=\"Remplissez ce champ s\u2019il vous pla\u00eet\">\n                <input type=\"hidden\" name=\"sib_security\" value=\"3c2bd48582\">\n\t\t\t\t<div class=\"sib_signup_box_inside_5\">\n\t\t\t\t\t<div style=\"\/*display:none*\/\" class=\"sib_msg_disp\">\n\t\t\t\t\t<\/div>\n                    \t\t\t\t\t<p class=\"sib-email-area\">\r\n    <label class=\"sib-email-area\">Email*<\/label>\r\n    <input type=\"email\" class=\"sib-email-area\" name=\"email\" required=\"required\">\r\n<\/p>\r\n<p class=\"sib-NOM-area\"> \r\n    <label class=\"sib-NOM-area\">NOM*<\/label> \r\n    <input type=\"text\" class=\"sib-NOM-area\" name=\"NOM\" required=\"required\"> \r\n<\/p>\r\n<p class=\"sib-PRENOM-area\"> \r\n    <label class=\"sib-PRENOM-area\">Pr\u00e9nom*<\/label> \r\n    <input type=\"text\" class=\"sib-PRENOM-area\" name=\"PRENOM\" required=\"required\"> \r\n<\/p>\r\n<p class=\"sib-SMS-area\"> \r\n    <label class=\"sib-SMS-area\">T\u00e9l\u00e9phone*<\/label> \r\n<div class=\"sib-sms-field\"><div class=\"sib-country-block\"><div class=\"sib-toggle sib-country-flg\"><div class=\"sib-cflags\"><\/div> <div class=\"sib-icon-arrow\"><\/div><\/div> <\/div><ul class=\"sib-country-list\" style=\"display: none\"><\/ul><input type=\"hidden\" name=\"sib_SMS_prefix\" value=\"+33\"><input type=\"text\" name=\"SMS\" class=\"sib-sms\" value=\"+33\" required=\"required\"><\/div>\r\n<\/p>\r\n<p>Nous recueillons les donn\u00e9es ci-dessus aux seules fins de vous adresser un dossier d'inscription, dans le respect de notre charte de gestion des donn\u00e9es et ne transmettons ces donn\u00e9es \u00e0 aucun tiers en dehors du groupe ATMAN CORPORATE (compos\u00e9 du COA, d'AFOA et d'ATC) et de ses sous-traitants. En cas de non-renvoi du dossier d'inscription, vos donn\u00e9es seront effac\u00e9es au bout de 6 mois.<\/p>\r\n<p class=\"sib-CONSENTEMENT_RGPD-area\"> \r\n  <input type=\"hidden\" name=\"CONSENTEMENT_RGPD\" value=\"0\"><input type=\"checkbox\" value=\"1\" class=\"sib-CONSENTEMENT_RGPD-area\" name=\"CONSENTEMENT_RGPD\" required=\"required\"> \r\n    <label class=\"sib-CONSENTEMENT_RGPD-area\"><strong>J'accepte que mes donn\u00e9es soient r\u00e9colt\u00e9es \u00e0 ces fins et dans ces conditions.<\/strong><\/label> \r\n<\/p>\r\n<p>\r\n    <input type=\"submit\" class=\"sib-default-btn\" value=\"Envoyer\">\r\n<\/p>\r\n<p>Afin d'assurer la confidentialit\u00e9 de vos donn\u00e9es personnelles, vous allez recevoir un e-mail de confirmation. <strong>Pensez \u00e0 v\u00e9rifier vos courriers ind\u00e9sirables !<\/strong> Votre adresse e-mail sera uniquement utilis\u00e9e pour vous envoyer notre newsletter, des informations et\/ou des documents sur les activit\u00e9s et formations d'Atman Osteopathic Campus. Vous pourrez \u00e0 tout moment utiliser le lien de d\u00e9sinscription inclus dans nos courriels.<\/p>\t\t\t\t<\/div>\n\t\t\t<\/form>\n\t\t\t<style>\n\t\t\t\tform#sib_signup_form_5 { padding: 5px; -moz-box-sizing:border-box; -webkit-box-sizing: border-box; box-sizing: border-box; } .sib-sms { padding-left:50px!important; } form#sib_signup_form_5 input[type=text],form#sib_signup_form_5 input[type=email], form#sib_signup_form_5 select { width: 100%; border-bottom: 2px solid #0077bc; border-top: 0px solid transparent; line-height:2em; border-radius: 5px; height: auto; margin: 5px 0 0 0; box-shadow: 0px 8px 18px -6px rgba(0,0,0,0.3); padding:10px; } form#sib_signup_form_5 .sib-default-btn { transition: color 300ms ease 0ms,background-color 300ms ease 0ms,border 300ms ease 0ms; margin: 5px 0; padding-left: 1em; padding-right: 1em; color:#fff; background-color: #0077bc; font-size: 20px; font-weight:700; font-family: &#039;Open Sans Condensed&#039;,Helvetica,Arial,Lucida,sans-serif!important; line-height: 1.4285; text-align: center; cursor: pointer; vertical-align: middle; -webkit-user-select:none; -moz-user-select:none; -ms-user-select:none; user-select:none; white-space: normal; border:2px solid white; border-radius: 5px; box-shadow: 0px 12px 18px -6px rgba(0,0,0,0.3); } form#sib_signup_form_5 .sib-default-btn:hover { background-color: white; color:#0077bc; border:2px solid #0077bc; } form#sib_signup_form_5 p{ margin: 10px 0 0 0; }form#sib_signup_form_5 p.sib-alert-message {\n    padding: 6px 12px;\n    margin-bottom: 20px;\n    border: 1px solid transparent;\n    border-radius: 4px;\n    -webkit-box-sizing: border-box;\n    -moz-box-sizing: border-box;\n    box-sizing: border-box;\n}\nform#sib_signup_form_5 p.sib-alert-message-error {\n    background-color: #f2dede;\n    border-color: #ebccd1;\n    color: #a94442;\n}\nform#sib_signup_form_5 p.sib-alert-message-success {\n    background-color: #dff0d8;\n    border-color: #d6e9c6;\n    color: #3c763d;\n}\nform#sib_signup_form_5 p.sib-alert-message-warning {\n    background-color: #fcf8e3;\n    border-color: #faebcc;\n    color: #8a6d3b;\n}\n\t\t\t<\/style>\n\t\t\t\n","protected":false},"author":1,"featured_media":0,"parent":0,"menu_order":0,"comment_status":"closed","ping_status":"closed","template":"","meta":{"_et_pb_use_builder":"on","_et_pb_old_content":"","_et_gb_content_width":""},"_links":{"self":[{"href":"https:\/\/atman.fr\/osteopathie\/wp-json\/wp\/v2\/pages\/225647"}],"collection":[{"href":"https:\/\/atman.fr\/osteopathie\/wp-json\/wp\/v2\/pages"}],"about":[{"href":"https:\/\/atman.fr\/osteopathie\/wp-json\/wp\/v2\/types\/page"}],"author":[{"embeddable":true,"href":"https:\/\/atman.fr\/osteopathie\/wp-json\/wp\/v2\/users\/1"}],"replies":[{"embeddable":true,"href":"https:\/\/atman.fr\/osteopathie\/wp-json\/wp\/v2\/comments?post=225647"}],"version-history":[{"count":6,"href":"https:\/\/atman.fr\/osteopathie\/wp-json\/wp\/v2\/pages\/225647\/revisions"}],"predecessor-version":[{"id":227482,"href":"https:\/\/atman.fr\/osteopathie\/wp-json\/wp\/v2\/pages\/225647\/revisions\/227482"}],"wp:attachment":[{"href":"https:\/\/atman.fr\/osteopathie\/wp-json\/wp\/v2\/media?parent=225647"}],"curies":[{"name":"wp","href":"https:\/\/api.w.org\/{rel}","templated":true}]}}