{"id":227778,"date":"2023-07-05T08:59:16","date_gmt":"2023-07-05T08:59:16","guid":{"rendered":"https:\/\/atman.fr\/osteopathie\/?page_id=227778"},"modified":"2023-07-05T09:04:52","modified_gmt":"2023-07-05T09:04:52","slug":"aides-aux-soins","status":"publish","type":"page","link":"https:\/\/atman.fr\/osteopathie\/aides-aux-soins\/","title":{"rendered":"Aides aux soins"},"content":{"rendered":"<p>[et_pb_section fb_built=\u00a0\u00bb1&Prime; theme_builder_area=\u00a0\u00bbpost_content\u00a0\u00bb _builder_version=\u00a0\u00bb4.17.4&Prime; _module_preset=\u00a0\u00bbdefault\u00a0\u00bb][et_pb_row _builder_version=\u00a0\u00bb4.17.4&Prime; _module_preset=\u00a0\u00bbdefault\u00a0\u00bb theme_builder_area=\u00a0\u00bbpost_content\u00a0\u00bb][et_pb_column _builder_version=\u00a0\u00bb4.17.4&Prime; _module_preset=\u00a0\u00bbdefault\u00a0\u00bb type=\u00a0\u00bb4_4&Prime; theme_builder_area=\u00a0\u00bbpost_content\u00a0\u00bb][et_pb_text _builder_version=\u00a0\u00bb4.17.4&Prime; _module_preset=\u00a0\u00bbdefault\u00a0\u00bb theme_builder_area=\u00a0\u00bbpost_content\u00a0\u00bb hover_enabled=\u00a0\u00bb0&Prime; sticky_enabled=\u00a0\u00bb0&Prime;]<\/p>\n<div class=\"text\" id=\"ctc2\">\n<h1>Les aides aux soins m\u00e9dicaux en France<\/h1>\n<p>Les d\u00e9penses li\u00e9es aux soins m\u00e9dicaux (consultations, examens, traitements\u2026), \u00e0 une hospitalisation, ou encore \u00e0 la perte d\u2019un emploi des suites d\u2019une maladie longue dur\u00e9e\u2026 peuvent vous donner droit \u00e0 diff\u00e9rentes aides. PUMa, 100% Sant\u00e9, Tiers payant, CSS, AME\u2026 voici les diff\u00e9rentes aides aux soins dont vous pouvez b\u00e9n\u00e9ficier en France.<\/p>\n<p><strong>La protection universelle maladie (PUMa)<\/strong> : une protection qui permet \u00e0 toute personne r\u00e9sidant ou travaillant en France, de fa\u00e7on r\u00e9guli\u00e8re et stable, de b\u00e9n\u00e9ficier de la prise en charge de ses frais de sant\u00e9.<br \/>Plus d\u2019infos sur le site <a href=\"https:\/\/www.ameli.fr\/assure\/droits-demarches\/principes\/protection-universelle-maladie\">ameli.fr<\/a>.<\/p>\n<p><strong>Le dispositif 100% Sant\u00e9<\/strong> : une offre qui permet aux Fran\u00e7ais d\u2019acc\u00e9der plus facilement \u00e0 des soins et \u00e0 des \u00e9quipements de soins pris en charge \u00e0 100 %, notamment en audiologie, optique et dentaire.<br \/>Plus d\u2019infos sur le site <a href=\"https:\/\/sante.gouv.fr\/systeme-de-sante\/100pourcent-sante\/\">sante.gouv.fr<\/a>.<\/p>\n<p><strong>Le tiers payant<\/strong> : un dispositif qui vous \u00e9vite de faire l\u2019avance sur les frais m\u00e9dicaux rembours\u00e9s par l\u2019Assurance Maladie.<br \/>Plus d\u2019infos sur le site <a href=\"https:\/\/www.service-public.fr\/particuliers\/vosdroits\/F167\">service-public.fr<\/a>.<\/p>\n<p><strong>La Compl\u00e9mentaire sant\u00e9 solidaire (CSS)<\/strong> : cette compl\u00e9mentaire, gratuite ou \u00e0 moins de 1 \u20ac par jour et par personne, s\u2019adresse aux m\u00e9nages aux ressources modestes, et elle couvre l\u2019ensemble des d\u00e9penses de sant\u00e9 du foyer.<br \/>Simulez vos droits sur <a href=\"https:\/\/www.mesdroitssociaux.gouv.fr\/votre-simulateur\/accueil\">mesdroitssociaux.gouv.fr<\/a>.<\/p>\n<p><strong>L\u2019assurance maternit\u00e9<\/strong> : les examens obligatoires de suivi de grossesse sont pris en charge \u00e0 100 % par l\u2019Assurance Maladie, et ils dispensent l\u2019assur\u00e9e d\u2019avance de frais.<br \/>Plus d\u2019infos sur le site <a href=\"https:\/\/www.service-public.fr\/particuliers\/vosdroits\/F164\">service-public.fr<\/a>.<\/p>\n<p><strong>L\u2019Aide m\u00e9dicale de l\u2019\u00c9tat (AME)<\/strong> : une protection sant\u00e9, sous conditions de ressources et de r\u00e9sidence, qui s\u2019adresse aux ressortissants \u00e9trangers en situation irr\u00e9guli\u00e8re et pr\u00e9caire.<br \/>Plus d\u2019infos sur le site <a href=\"https:\/\/www.ameli.fr\/assure\/droits-demarches\/situations-particulieres\/situation-irreguliere-ame\">ameli.fr<\/a>.<\/p>\n<p><strong>Les aides financi\u00e8res individuelles de l\u2019Assurance Maladie<\/strong> : des aides ponctuelles qui s\u2019adressent aux personnes \u00e0 revenus modestes, et qui font face \u00e0 une situation mat\u00e9rielle rendue difficile par leur \u00e9tat de sant\u00e9.<br \/>Plus d\u2019infos sur le site <a href=\"https:\/\/www.ameli.fr\/assure\/droits-demarches\/difficultes-acces-droits-soins\/aides-financieres-individuelles\">ameli.fr<\/a>.<\/p>\n<p><strong>La prise en charge d\u2019une affection de longue dur\u00e9e (ALD)<\/strong> : en fonction de la gravit\u00e9 et du caract\u00e8re chronique de l\u2019ALD, les soins peuvent \u00eatre pris en charge au maximum du plafond de remboursement de l\u2019Assurance Maladie.<br \/>Plus d\u2019infos sur le site <a href=\"https:\/\/www.service-public.fr\/particuliers\/vosdroits\/F34068\">service-public.fr<\/a>.<\/p>\n<p><strong>La prestation de compensation du handicap (PCH)<\/strong> : une aide financi\u00e8re vers\u00e9e par les services du d\u00e9partement qui permet le remboursement de certaines d\u00e9penses li\u00e9es \u00e0 la perte d\u2019autonomie.<br \/>Plus d\u2019infos sur le site <a href=\"https:\/\/www.service-public.fr\/particuliers\/vosdroits\/F14202\">service-public.fr<\/a>.<\/p>\n<p><strong>Le Microcr\u00e9dit<\/strong> : un mini cr\u00e9dit peut \u00eatre souscris pour r\u00e9gler des soins de sant\u00e9 urgents. Ce petit cr\u00e9dit sans justificatif d\u2019utilisation est propos\u00e9 par des associations comme les restos du coeur ou le CCAS.<br \/>Plus d\u2019infos sur <a href=\"https:\/\/www.verilor.fr\/credit-express\/\">Verilor<\/a><\/p>\n<p><strong>L\u2019allocation personnalis\u00e9e d\u2019autonomie (APA)<\/strong> : une aide d\u00e9partementale pour le maintien \u00e0 domicile, ou la prise en charge par un \u00e9tablissement m\u00e9dico-social, d\u2019une personne en perte d\u2019autonomie.<br \/>Plus d\u2019infos sur\u00a0le site <a href=\"https:\/\/www.service-public.fr\/particuliers\/vosdroits\/F10009\">service-public.fr<\/a>.<\/p>\n<p><strong>La prestation compl\u00e9mentaire pour recours \u00e0 tierce personne (PCRTP)<\/strong> : une aide pour financer l\u2019assistance d\u2019un aidant aupr\u00e8s d\u2019une personne en incapacit\u00e9 permanente de minimum 80 %.<br \/>Plus d\u2019infos sur le site du <a href=\"https:\/\/www.service-public.fr\/particuliers\/vosdroits\/F31435\">service-public.fr<\/a>.<\/p>\n<p><strong>L\u2019allocation journali\u00e8re d\u2019accompagnement d\u2019une personne en fin de vie (AJAP)<\/strong> : per\u00e7ue pendant 21 jours maximum, cette allocation de 60,55 \u20ac brut par jour est attribu\u00e9e aux personnes accompagnantes ayant suspendu leur activit\u00e9 professionnelle.<br \/>Plus d\u2019infos sur le site <a href=\"https:\/\/www.ameli.fr\/assure\/remboursements\/pensions-allocations-rentes\/allocation-journaliere-accompagnement\">ameli.fr<\/a>.<\/p>\n<p>Retrouvez l\u2019ensemble des aides aux soins m\u00e9dicaux en France sur le site <a href=\"https:\/\/www.agissonspourlegalite.fr\/\">Agissonspourlegalite.fr<\/a>.<\/p>\n<\/div>\n<p>&nbsp;<\/p>\n<p>[\/et_pb_text][\/et_pb_column][\/et_pb_row][\/et_pb_section]<\/p>\n","protected":false},"excerpt":{"rendered":"<p>Les aides aux soins m\u00e9dicaux en France Les d\u00e9penses li\u00e9es aux soins m\u00e9dicaux (consultations, examens, traitements\u2026), \u00e0 une hospitalisation, ou encore \u00e0 la perte d\u2019un emploi des suites d\u2019une maladie longue dur\u00e9e\u2026 peuvent vous donner droit \u00e0 diff\u00e9rentes aides. PUMa, 100% Sant\u00e9, Tiers payant, CSS, AME\u2026 voici les diff\u00e9rentes aides aux soins dont vous pouvez [&hellip;]<\/p>\n","protected":false},"author":3,"featured_media":225854,"parent":0,"menu_order":0,"comment_status":"closed","ping_status":"closed","template":"","meta":{"_et_pb_use_builder":"on","_et_pb_old_content":"","_et_gb_content_width":""},"_links":{"self":[{"href":"https:\/\/atman.fr\/osteopathie\/wp-json\/wp\/v2\/pages\/227778"}],"collection":[{"href":"https:\/\/atman.fr\/osteopathie\/wp-json\/wp\/v2\/pages"}],"about":[{"href":"https:\/\/atman.fr\/osteopathie\/wp-json\/wp\/v2\/types\/page"}],"author":[{"embeddable":true,"href":"https:\/\/atman.fr\/osteopathie\/wp-json\/wp\/v2\/users\/3"}],"replies":[{"embeddable":true,"href":"https:\/\/atman.fr\/osteopathie\/wp-json\/wp\/v2\/comments?post=227778"}],"version-history":[{"count":3,"href":"https:\/\/atman.fr\/osteopathie\/wp-json\/wp\/v2\/pages\/227778\/revisions"}],"predecessor-version":[{"id":227782,"href":"https:\/\/atman.fr\/osteopathie\/wp-json\/wp\/v2\/pages\/227778\/revisions\/227782"}],"wp:featuredmedia":[{"embeddable":true,"href":"https:\/\/atman.fr\/osteopathie\/wp-json\/wp\/v2\/media\/225854"}],"wp:attachment":[{"href":"https:\/\/atman.fr\/osteopathie\/wp-json\/wp\/v2\/media?parent=227778"}],"curies":[{"name":"wp","href":"https:\/\/api.w.org\/{rel}","templated":true}]}}