{"id":5035,"date":"2019-10-01T08:30:37","date_gmt":"2019-10-01T08:30:37","guid":{"rendered":"https:\/\/atman.fr\/osteopathie\/?page_id=5035"},"modified":"2022-10-24T07:46:41","modified_gmt":"2022-10-24T07:46:41","slug":"veille-scientifique","status":"publish","type":"page","link":"https:\/\/atman.fr\/osteopathie\/veille-scientifique\/","title":{"rendered":"Veille scientifique"},"content":{"rendered":"<p>[et_pb_section fb_built=\u00a0\u00bb1&Prime; specialty=\u00a0\u00bbon\u00a0\u00bb _builder_version=\u00a0\u00bb4.16&Prime; global_colors_info=\u00a0\u00bb{}\u00a0\u00bb][et_pb_column type=\u00a0\u00bb3_4&Prime; specialty_columns=\u00a0\u00bb3&Prime; _builder_version=\u00a0\u00bb4.16&Prime; custom_padding=\u00a0\u00bb|||\u00a0\u00bb global_colors_info=\u00a0\u00bb{}\u00a0\u00bb custom_padding__hover=\u00a0\u00bb|||\u00a0\u00bb][et_pb_row_inner _builder_version=\u00a0\u00bb4.16&Prime; global_colors_info=\u00a0\u00bb{}\u00a0\u00bb][et_pb_column_inner saved_specialty_column_type=\u00a0\u00bb3_4&Prime; _builder_version=\u00a0\u00bb4.16&Prime; global_colors_info=\u00a0\u00bb{}\u00a0\u00bb][et_pb_text _builder_version=\u00a0\u00bb4.17.4&Prime; text_font=\u00a0\u00bb||||||||\u00a0\u00bb header_3_font=\u00a0\u00bb|||on|||||\u00a0\u00bb hover_enabled=\u00a0\u00bb0&Prime; global_colors_info=\u00a0\u00bb{}\u00a0\u00bb custom_padding=\u00a0\u00bb|||2px||\u00a0\u00bb sticky_enabled=\u00a0\u00bb0&Prime;]<\/p>\n<h3>Une formation ost\u00e9opathique professionnelle et bienveillante<\/h3>\n<p>Le Centre d\u2019Ost\u00e9opathie ATMAN d\u00e9veloppe une veille scientifique avec ses enseignants et chercheurs tout au long de l&rsquo;ann\u00e9e. Nous sommes donc vigilants sur tout l&rsquo;environnement ost\u00e9opathique pour collecter puis discerner les informations strat\u00e9giques les plus pertinentes. Dans cette volont\u00e9 d&rsquo;excellence une commission est mise en place par l\u2019\u00e9cole sous la responsabilit\u00e9 du conseil scientifique pour valider les projets de m\u00e9moires de fin d&rsquo;\u00e9tudes et pour d\u00e9signer les directeurs et co-directeurs de m\u00e9moire. Ce contexte de communaut\u00e9 scientifique nous pousse \u00e0 un esprit d&rsquo;ouverture et de coop\u00e9ration avec les autres \u00e9coles et universit\u00e9s. Notre objectif essentiel est d\u2019accompagner l\u2019\u00e9tudiant dans cette formation longue et exigeante afin qu\u2019il puisse agir en v\u00e9ritable professionnel avec ses patients. Les connaissances th\u00e9oriques et pratiques sont indissociables et au c\u0153ur de cette dynamique.\u00a0<\/p>\n<p>&nbsp;<\/p>\n<p>[\/et_pb_text][et_pb_text module_class=\u00a0\u00bbcolour-wrap\u00a0\u00bb _builder_version=\u00a0\u00bb4.16&Prime; text_font=\u00a0\u00bb||||||||\u00a0\u00bb header_3_font=\u00a0\u00bb|||on|||||\u00a0\u00bb global_colors_info=\u00a0\u00bb{}\u00a0\u00bb]<\/p>\n<div>\n<div><\/div>\n<\/div>\n<div>\n<p>&nbsp;<\/p>\n<blockquote class=\"colour-quote\"><p>Prendre un \u00e9tudiant en formation apr\u00e8s le baccalaur\u00e9at pour l\u2019amener \u00e0 devenir un v\u00e9ritable professionnel, en l\u2019accompagnant tout au long d\u2019un parcours de formation certes difficile mais riche de nombreuses acquisitions et comp\u00e9tences lui permettant de traiter un patient en responsabilit\u00e9 et s\u00e9curit\u00e9, est notre aspiration.<\/p><\/blockquote>\n<\/div>\n<p>[\/et_pb_text][\/et_pb_column_inner][\/et_pb_row_inner][\/et_pb_column][et_pb_column type=\u00a0\u00bb1_4&Prime; _builder_version=\u00a0\u00bb4.16&Prime; custom_padding=\u00a0\u00bb|||\u00a0\u00bb global_colors_info=\u00a0\u00bb{}\u00a0\u00bb custom_padding__hover=\u00a0\u00bb|||\u00a0\u00bb][et_pb_sidebar orientation=\u00a0\u00bbright\u00a0\u00bb area=\u00a0\u00bbsidebar-1&Prime; show_border=\u00a0\u00bboff\u00a0\u00bb _builder_version=\u00a0\u00bb4.16&Prime; global_colors_info=\u00a0\u00bb{}\u00a0\u00bb][\/et_pb_sidebar][\/et_pb_column][\/et_pb_section]<\/p>\n","protected":false},"excerpt":{"rendered":"<p>Une formation ost\u00e9opathique professionnelle et bienveillante Le Centre d\u2019Ost\u00e9opathie ATMAN d\u00e9veloppe une veille scientifique avec ses enseignants et chercheurs tout au long de l&rsquo;ann\u00e9e. Nous sommes donc vigilants sur tout l&rsquo;environnement ost\u00e9opathique pour collecter puis discerner les informations strat\u00e9giques les plus pertinentes. Dans cette volont\u00e9 d&rsquo;excellence une commission est mise en place par l\u2019\u00e9cole sous [&hellip;]<\/p>\n","protected":false},"author":1,"featured_media":225371,"parent":0,"menu_order":0,"comment_status":"closed","ping_status":"closed","template":"","meta":{"_et_pb_use_builder":"on","_et_pb_old_content":"","_et_gb_content_width":""},"_links":{"self":[{"href":"https:\/\/atman.fr\/osteopathie\/wp-json\/wp\/v2\/pages\/5035"}],"collection":[{"href":"https:\/\/atman.fr\/osteopathie\/wp-json\/wp\/v2\/pages"}],"about":[{"href":"https:\/\/atman.fr\/osteopathie\/wp-json\/wp\/v2\/types\/page"}],"author":[{"embeddable":true,"href":"https:\/\/atman.fr\/osteopathie\/wp-json\/wp\/v2\/users\/1"}],"replies":[{"embeddable":true,"href":"https:\/\/atman.fr\/osteopathie\/wp-json\/wp\/v2\/comments?post=5035"}],"version-history":[{"count":8,"href":"https:\/\/atman.fr\/osteopathie\/wp-json\/wp\/v2\/pages\/5035\/revisions"}],"predecessor-version":[{"id":227654,"href":"https:\/\/atman.fr\/osteopathie\/wp-json\/wp\/v2\/pages\/5035\/revisions\/227654"}],"wp:featuredmedia":[{"embeddable":true,"href":"https:\/\/atman.fr\/osteopathie\/wp-json\/wp\/v2\/media\/225371"}],"wp:attachment":[{"href":"https:\/\/atman.fr\/osteopathie\/wp-json\/wp\/v2\/media?parent=5035"}],"curies":[{"name":"wp","href":"https:\/\/api.w.org\/{rel}","templated":true}]}}