{"id":540,"date":"2019-09-27T14:04:12","date_gmt":"2019-09-27T14:04:12","guid":{"rendered":"https:\/\/atman.fr\/osteopathie\/?page_id=540"},"modified":"2025-10-07T13:56:48","modified_gmt":"2025-10-07T13:56:48","slug":"qualite-reconnaissance","status":"publish","type":"page","link":"https:\/\/atman.fr\/osteopathie\/qualite-reconnaissance\/","title":{"rendered":"Informations pratiques"},"content":{"rendered":"<p>[et_pb_section fb_built=\u00a0\u00bb1&Prime; specialty=\u00a0\u00bbon\u00a0\u00bb _builder_version=\u00a0\u00bb4.16&Prime; global_colors_info=\u00a0\u00bb{}\u00a0\u00bb][et_pb_column type=\u00a0\u00bb3_4&Prime; specialty_columns=\u00a0\u00bb3&Prime; _builder_version=\u00a0\u00bb4.16&Prime; custom_padding=\u00a0\u00bb|||\u00a0\u00bb global_colors_info=\u00a0\u00bb{}\u00a0\u00bb custom_padding__hover=\u00a0\u00bb|||\u00a0\u00bb][et_pb_row_inner module_id=\u00a0\u00bbcadre-de-vie\u00a0\u00bb _builder_version=\u00a0\u00bb4.16&Prime; global_colors_info=\u00a0\u00bb{}\u00a0\u00bb][et_pb_column_inner saved_specialty_column_type=\u00a0\u00bb3_4&Prime; _builder_version=\u00a0\u00bb4.16&Prime; global_colors_info=\u00a0\u00bb{}\u00a0\u00bb][et_pb_text _builder_version=\u00a0\u00bb4.16&Prime; text_font=\u00a0\u00bb||||||||\u00a0\u00bb header_3_font=\u00a0\u00bb|||on|||||\u00a0\u00bb header_4_font=\u00a0\u00bb||on||||||\u00a0\u00bb global_colors_info=\u00a0\u00bb{}\u00a0\u00bb]<\/p>\n<h3>Cadre de vie<\/h3>\n<div>\n<p><span>Campus ost\u00e9opathique construit en 2012 au coeur de la\u00a0<\/span><strong>1\u00e8re technopole d\u2019Europe<\/strong><span>, <a href=\"https:\/\/fr.wikipedia.org\/wiki\/Sophia_Antipolis\">Sophia Antipolis<\/a>, ATMAN compte pr\u00e8s de 350 \u00e9tudiants. Ce sont <strong>50<\/strong><\/span><strong> ann\u00e9es d\u2019exp\u00e9rience<\/strong><span>\u00a0pour faire partager la passion de l\u2019ost\u00e9opathie et transmettre nos savoirs dans le domaine de l\u2019ost\u00e9opathie holistique.\u00a0<\/span><strong>\u201cL\u2019humain au coeur de tout\u201d<\/strong><span>, c\u2019est notre philosophie pour permettre \u00e0 chacun d\u2019acc\u00e9der \u00e0 l\u2019ost\u00e9opathie.<\/span><\/p>\n<\/div>\n<p>[\/et_pb_text][\/et_pb_column_inner][\/et_pb_row_inner][et_pb_row_inner use_custom_gutter=\u00a0\u00bbon\u00a0\u00bb gutter_width=\u00a0\u00bb2&Prime; _builder_version=\u00a0\u00bb4.16&Prime; global_colors_info=\u00a0\u00bb{}\u00a0\u00bb][et_pb_column_inner saved_specialty_column_type=\u00a0\u00bb3_4&Prime; _builder_version=\u00a0\u00bb4.16&Prime; global_colors_info=\u00a0\u00bb{}\u00a0\u00bb][et_pb_gallery gallery_ids=\u00a0\u00bb561,562,563,564&Prime; show_title_and_caption=\u00a0\u00bboff\u00a0\u00bb show_pagination=\u00a0\u00bboff\u00a0\u00bb hover_icon=\u00a0\u00bb&#x55;||divi||400&Prime; _builder_version=\u00a0\u00bb4.16&Prime; custom_css_gallery_item=\u00a0\u00bbwidth: 20% !important;||margin: 10px !important;||clear: none !important;\u00a0\u00bb global_colors_info=\u00a0\u00bb{}\u00a0\u00bb][\/et_pb_gallery][\/et_pb_column_inner][\/et_pb_row_inner][et_pb_row_inner _builder_version=\u00a0\u00bb4.16&Prime; locked=\u00a0\u00bboff\u00a0\u00bb global_colors_info=\u00a0\u00bb{}\u00a0\u00bb][et_pb_column_inner saved_specialty_column_type=\u00a0\u00bb3_4&Prime; _builder_version=\u00a0\u00bb4.16&Prime; global_colors_info=\u00a0\u00bb{}\u00a0\u00bb][et_pb_text _builder_version=\u00a0\u00bb4.16&Prime; text_font=\u00a0\u00bb||||||||\u00a0\u00bb header_3_font=\u00a0\u00bb|||on|||||\u00a0\u00bb header_4_font=\u00a0\u00bb||on||||||\u00a0\u00bb global_colors_info=\u00a0\u00bb{}\u00a0\u00bb]<\/p>\n<p>Ce<span>\u00a0<\/span><strong>cadre privil\u00e9gi\u00e9 d\u2019\u00e9tudes<\/strong>, moderne et \u00e9cologique, se compose d\u2019un centre de soins ost\u00e9opathiques dispensant des milliers de traitements par an, un centre de soin ost\u00e9opathique pour les animaux, un amphith\u00e9\u00e2tre de 150 places, des salles de pratique, un terrain multisport, un centre de documentation, 1 espace de restauration, une r\u00e9sidence \u00e9tudiante.<\/p>\n<p>Notre diff\u00e9rence s\u2019inscrit dans une volont\u00e9 d\u2019innovation dans l\u2019application de l\u2019ost\u00e9opathie, en offrant \u00e0 nos \u00e9tudiants l\u2019acc\u00e8s \u00e0 plusieurs unit\u00e9s de recherche autour de la posturologie, du bien-\u00eatre en entreprise, de la pr\u00e9paration et de la r\u00e9cup\u00e9ration pour les sportifs de haut niveau avec un bassin d\u2019ost\u00e9opathie aquatique, et autour du tissu conjonctif avec un espace de cryoth\u00e9rapie.<\/p>\n<p>Cette palette d\u2019applications concr\u00e8tes permet d\u2019<strong>\u00e9largir la vision professionnelle et th\u00e9rapeutique<\/strong><span>\u00a0<\/span>des futurs ost\u00e9opathes, d\u2019offrir de<span>\u00a0<\/span><strong>nouveaux d\u00e9bouch\u00e9s<\/strong>, et de contribuer \u00e9galement au rayonnement international de notre campus aux quatre coins du globe.<\/p>\n<p>[\/et_pb_text][et_pb_text module_class=\u00a0\u00bbcolour-wrap\u00a0\u00bb _builder_version=\u00a0\u00bb4.16&Prime; custom_padding=\u00a0\u00bb2vh||||false|false\u00a0\u00bb global_colors_info=\u00a0\u00bb{}\u00a0\u00bb]<\/p>\n<blockquote class=\"colour-quote\"><p><span>Notre diff\u00e9rence s\u2019inscrit dans une volont\u00e9 d\u2019innovation dans l\u2019application de l\u2019ost\u00e9opathie.<\/span><\/p><\/blockquote>\n<p>[\/et_pb_text][\/et_pb_column_inner][\/et_pb_row_inner][et_pb_row_inner _builder_version=\u00a0\u00bb4.16&Prime; global_colors_info=\u00a0\u00bb{}\u00a0\u00bb][et_pb_column_inner saved_specialty_column_type=\u00a0\u00bb3_4&Prime; _builder_version=\u00a0\u00bb4.16&Prime; global_colors_info=\u00a0\u00bb{}\u00a0\u00bb][et_pb_text _builder_version=\u00a0\u00bb4.16&Prime; text_font=\u00a0\u00bb||||||||\u00a0\u00bb header_3_font=\u00a0\u00bb|||on|||||\u00a0\u00bb header_4_font=\u00a0\u00bb||on||||||\u00a0\u00bb global_colors_info=\u00a0\u00bb{}\u00a0\u00bb]<\/p>\n<h3>Notre \u00e9cole et ses sp\u00e9cificit\u00e9s<\/h3>\n<div>\n<h4><strong>UN CADRE D\u2019\u00c9TUDES PRIVIL\u00c9GI\u00c9<\/strong><\/h4>\n<p>Avec 12 000m\u00b2, \u00e9quip\u00e9 des derni\u00e8res technologies et d\u2019un amphith\u00e9\u00e2tre de 150 places, le centre ATMAN est devenu un <strong>v\u00e9ritable p\u00f4le d\u2019excellence pour la r\u00e9gion PACA<\/strong>, qui propose plusieurs formations dont celles d\u2019ost\u00e9opathie humaine et animale avec un cursus\u00a0<strong>reconnu en France et en Europe.<\/strong><\/p>\n<\/div>\n<p>[\/et_pb_text][\/et_pb_column_inner][\/et_pb_row_inner][et_pb_row_inner _builder_version=\u00a0\u00bb4.16&Prime; global_colors_info=\u00a0\u00bb{}\u00a0\u00bb][et_pb_column_inner saved_specialty_column_type=\u00a0\u00bb3_4&Prime; _builder_version=\u00a0\u00bb4.16&Prime; global_colors_info=\u00a0\u00bb{}\u00a0\u00bb][et_pb_gallery gallery_ids=\u00a0\u00bb548,547,546,545,544,543&Prime; posts_number=\u00a0\u00bb6&Prime; show_pagination=\u00a0\u00bboff\u00a0\u00bb hover_icon=\u00a0\u00bb&#x55;||divi||400&Prime; _builder_version=\u00a0\u00bb4.16&Prime; title_font=\u00a0\u00bbDidact Gothic||||||||\u00a0\u00bb title_text_align=\u00a0\u00bbcenter\u00a0\u00bb title_text_color=\u00a0\u00bb#0077bc\u00a0\u00bb global_colors_info=\u00a0\u00bb{}\u00a0\u00bb][\/et_pb_gallery][\/et_pb_column_inner][\/et_pb_row_inner][et_pb_row_inner _builder_version=\u00a0\u00bb4.16&Prime; global_colors_info=\u00a0\u00bb{}\u00a0\u00bb][et_pb_column_inner saved_specialty_column_type=\u00a0\u00bb3_4&Prime; _builder_version=\u00a0\u00bb4.16&Prime; global_colors_info=\u00a0\u00bb{}\u00a0\u00bb][et_pb_text _builder_version=\u00a0\u00bb4.16&Prime; text_font=\u00a0\u00bb||||||||\u00a0\u00bb header_3_font=\u00a0\u00bb|||on|||||\u00a0\u00bb header_4_font=\u00a0\u00bb||on||||||\u00a0\u00bb locked=\u00a0\u00bboff\u00a0\u00bb global_colors_info=\u00a0\u00bb{}\u00a0\u00bb]<\/p>\n<h3>CHIFFRES CL\u00c9S<\/h3>\n<div>\n<ul>\n<li>50 ans d\u2019exp\u00e9rience<\/li>\n<li>60 enseignants professionnels<\/li>\n<li>350 \u00e9tudiants en formations initiales et 5.000 anciens dipl\u00f4m\u00e9s<\/li>\n<li>5 formations diverses qui permettent \u00e0 nos \u00e9tudiants de compl\u00e9ter leur cursus<\/li>\n<\/ul>\n<\/div>\n<p>[\/et_pb_text][\/et_pb_column_inner][\/et_pb_row_inner][et_pb_row_inner module_id=\u00a0\u00bblogement-etudiant\u00a0\u00bb _builder_version=\u00a0\u00bb4.16&Prime; locked=\u00a0\u00bboff\u00a0\u00bb global_colors_info=\u00a0\u00bb{}\u00a0\u00bb][et_pb_column_inner saved_specialty_column_type=\u00a0\u00bb3_4&Prime; _builder_version=\u00a0\u00bb4.16&Prime; global_colors_info=\u00a0\u00bb{}\u00a0\u00bb][et_pb_text _builder_version=\u00a0\u00bb4.16&Prime; text_font=\u00a0\u00bb||||||||\u00a0\u00bb header_2_font=\u00a0\u00bb|||on|||||\u00a0\u00bb header_3_font=\u00a0\u00bb|||on|||||\u00a0\u00bb global_colors_info=\u00a0\u00bb{}\u00a0\u00bb]<\/p>\n<div>\n<h2>Logement \u00e9tudiant<\/h2>\n<\/div>\n<p>[\/et_pb_text][\/et_pb_column_inner][\/et_pb_row_inner][et_pb_row_inner _builder_version=\u00a0\u00bb4.16&Prime; background_color=\u00a0\u00bb#0077bc\u00a0\u00bb border_radii=\u00a0\u00bbon|32px|32px|32px|32px\u00a0\u00bb box_shadow_style=\u00a0\u00bbpreset3&Prime; locked=\u00a0\u00bboff\u00a0\u00bb global_colors_info=\u00a0\u00bb{}\u00a0\u00bb][et_pb_column_inner saved_specialty_column_type=\u00a0\u00bb3_4&Prime; _builder_version=\u00a0\u00bb4.16&Prime; global_colors_info=\u00a0\u00bb{}\u00a0\u00bb][et_pb_text _builder_version=\u00a0\u00bb4.16&Prime; text_font=\u00a0\u00bb||||||||\u00a0\u00bb text_text_color=\u00a0\u00bb#ffffff\u00a0\u00bb header_3_font=\u00a0\u00bb||||||||\u00a0\u00bb header_3_text_color=\u00a0\u00bb#ffffff\u00a0\u00bb custom_padding=\u00a0\u00bb2vh|2vw|2vh|2vw|true|true\u00a0\u00bb global_colors_info=\u00a0\u00bb{}\u00a0\u00bb]<\/p>\n<div>\n<h3>Une r\u00e9sidence pour \u00e9tudiants face au campus ATMAN<\/h3>\n<p>&nbsp;<\/p>\n<div>\n<p><strong>Sophia Antipolis est une technop\u00f4le r\u00e9partie sur 5 communes<\/strong><span>\u00a0<\/span>situ\u00e9e \u00e0 proximit\u00e9 de grandes villes : 22 km de Nice, 15 km de Cannes et de Grasse, 8 km d\u2019Antibes et Juan les Pins. Plusieurs lignes de bus (1, 9, 20, 100, 230) desservent l\u2019\u00e9cole avec un arr\u00eat de bus devant l\u2019\u00e9cole.<\/p>\n<p>Le Centre d\u2019Ost\u00e9opathie ATMAN <strong>transmet \u00e0 ses \u00e9tudiants admis et actuels un guide logement<\/strong> avec des conseils et adresses de r\u00e9sidences \u00e9tudiantes et autre.<\/p>\n<p>La r\u00e9sidence sur le campus est ind\u00e9pendante du campus. Vous devez les joindre en direct et profitez de notre contrat de partenariat privil\u00e9gi\u00e9.<\/p>\n<\/div>\n<\/div>\n<div>\n<blockquote><\/blockquote>\n<\/div>\n<p>[\/et_pb_text][et_pb_gallery gallery_ids=\u00a0\u00bb5051,5052,5053,5054,5055,5056&Prime; posts_number=\u00a0\u00bb6&Prime; show_title_and_caption=\u00a0\u00bboff\u00a0\u00bb show_pagination=\u00a0\u00bboff\u00a0\u00bb hover_icon=\u00a0\u00bb&#x55;||divi||400&Prime; _builder_version=\u00a0\u00bb4.16&Prime; custom_padding=\u00a0\u00bb2vh|2vw|2vh|2vw|true|true\u00a0\u00bb global_colors_info=\u00a0\u00bb{}\u00a0\u00bb][\/et_pb_gallery][et_pb_text _builder_version=\u00a0\u00bb4.16&Prime; link_font=\u00a0\u00bb|700|on||on||||\u00a0\u00bb link_text_color=\u00a0\u00bb#ffffff\u00a0\u00bb custom_padding=\u00a0\u00bb|2vw||2vw|false|true\u00a0\u00bb global_colors_info=\u00a0\u00bb{}\u00a0\u00bb]<\/p>\n<p><a href=\"https:\/\/www.nexity-studea.com\/locations-etudiantes\/valbonne\/studea-sophia-antipolis-po0000253\" target=\"_blank\" rel=\"noopener noreferrer\">https:\/\/www.nexity-studea.com\/locations-etudiantes\/valbonne\/studea-sophia-antipolis-po0000253<\/a><\/p>\n<p>[\/et_pb_text][\/et_pb_column_inner][\/et_pb_row_inner][et_pb_row_inner module_id=\u00a0\u00bbtransport\u00a0\u00bb _builder_version=\u00a0\u00bb4.16&Prime; custom_margin=\u00a0\u00bb2vh||||false|false\u00a0\u00bb locked=\u00a0\u00bboff\u00a0\u00bb global_colors_info=\u00a0\u00bb{}\u00a0\u00bb][et_pb_column_inner saved_specialty_column_type=\u00a0\u00bb3_4&Prime; _builder_version=\u00a0\u00bb4.16&Prime; global_colors_info=\u00a0\u00bb{}\u00a0\u00bb][et_pb_text _builder_version=\u00a0\u00bb4.16&Prime; text_font=\u00a0\u00bb||||||||\u00a0\u00bb header_3_font=\u00a0\u00bb|||on|||||\u00a0\u00bb global_colors_info=\u00a0\u00bb{}\u00a0\u00bb]<\/p>\n<div>\n<h3>Transport :<\/h3>\n<ul>\n<li><strong>De l\u2019a\u00e9roport de Nice<span>\u00a0<\/span><\/strong>: prendre le bus 230 direction la gare routi\u00e8re de Valbonne Sophia Antipolis \u2013 dur\u00e9e du trajet 40mn environ. (Arr\u00eat \u00abLes Bruscs \u00bb).<\/li>\n<li><strong>De la gare SNCF d\u2019Antibes<\/strong><span>\u00a0<\/span>: emprunter la ligne de bus jusqu\u2019\u00e0 l\u2019arr\u00eat \u00abLes Bruscs \u00bb.<\/li>\n<li><strong>En voiture<\/strong><span>\u00a0<\/span>: prendre la sortie n\u00b044 (Antibes \u2013 Vallauris \u2013 Juan les Pins \u2013 Sophia Antipolis) de l\u2019autoroute A8, puis direction Sophia Antipolis.<\/li>\n<\/ul>\n<\/div>\n<div>\n<blockquote><\/blockquote>\n<\/div>\n<p>[\/et_pb_text][et_pb_image src=\u00a0\u00bbhttps:\/\/atman.fr\/osteopathie\/wp-content\/uploads\/sites\/8\/2019\/10\/atman-itineraire.jpg\u00a0\u00bb show_in_lightbox=\u00a0\u00bbon\u00a0\u00bb _builder_version=\u00a0\u00bb4.16&Prime; border_radii=\u00a0\u00bbon|32px|32px|32px|32px\u00a0\u00bb box_shadow_style=\u00a0\u00bbpreset3&Prime; global_colors_info=\u00a0\u00bb{}\u00a0\u00bb][\/et_pb_image][\/et_pb_column_inner][\/et_pb_row_inner][et_pb_row_inner module_id=\u00a0\u00bbtransport\u00a0\u00bb _builder_version=\u00a0\u00bb4.16&Prime; custom_margin=\u00a0\u00bb2vh||||false|false\u00a0\u00bb custom_padding=\u00a0\u00bb||0px|||\u00a0\u00bb locked=\u00a0\u00bboff\u00a0\u00bb global_colors_info=\u00a0\u00bb{}\u00a0\u00bb][et_pb_column_inner saved_specialty_column_type=\u00a0\u00bb3_4&Prime; _builder_version=\u00a0\u00bb4.16&Prime; global_colors_info=\u00a0\u00bb{}\u00a0\u00bb][et_pb_text _builder_version=\u00a0\u00bb4.16&Prime; text_font=\u00a0\u00bb||||||||\u00a0\u00bb header_3_font=\u00a0\u00bb|||on|||||\u00a0\u00bb global_colors_info=\u00a0\u00bb{}\u00a0\u00bb]<\/p>\n<div>\n<h3>MAIRIE de valbonne<\/h3>\n<ul>\n<li><strong>Une mairie active<span>\u00a0<\/span><\/strong>: <span>Pour pr\u00e9parer votre d\u00e9m\u00e9nagement, trouver un logement<\/span><br \/><span>et d\u00e9couvrir votre nouveau lieu de vie : <\/span><span>www.mairie.com<\/span><\/li>\n<\/ul>\n<\/div>\n<div>\n<blockquote><\/blockquote>\n<\/div>\n<p>[\/et_pb_text][\/et_pb_column_inner][\/et_pb_row_inner][et_pb_row_inner module_id=\u00a0\u00bbpartenaires-bancaires\u00a0\u00bb _builder_version=\u00a0\u00bb4.17.4&Prime; custom_margin=\u00a0\u00bb2vh||||false|false\u00a0\u00bb custom_padding=\u00a0\u00bb||26px|||\u00a0\u00bb locked=\u00a0\u00bboff\u00a0\u00bb global_colors_info=\u00a0\u00bb{}\u00a0\u00bb][et_pb_column_inner saved_specialty_column_type=\u00a0\u00bb3_4&Prime; _builder_version=\u00a0\u00bb4.16&Prime; global_colors_info=\u00a0\u00bb{}\u00a0\u00bb][et_pb_text _builder_version=\u00a0\u00bb4.17.4&Prime; text_font=\u00a0\u00bb||||||||\u00a0\u00bb header_3_font=\u00a0\u00bb|||on|||||\u00a0\u00bb global_colors_info=\u00a0\u00bb{}\u00a0\u00bb]<\/p>\n<h3>Financement des \u00e9tudes<\/h3>\n<div>La Soci\u00e9t\u00e9 G\u00e9n\u00e9rale peut vous accompagner dans le financement de vos \u00e9tudes au campus d&rsquo;ost\u00e9opathie Atman.<\/div>\n<p>[\/et_pb_text][\/et_pb_column_inner][\/et_pb_row_inner][et_pb_row_inner column_structure=\u00a0\u00bb1_3,1_3,1_3&Prime; module_id=\u00a0\u00bbpartenaires-bancaires\u00a0\u00bb _builder_version=\u00a0\u00bb4.16&Prime; custom_padding=\u00a0\u00bb38px||38px||true|false\u00a0\u00bb locked=\u00a0\u00bboff\u00a0\u00bb global_colors_info=\u00a0\u00bb{}\u00a0\u00bb][et_pb_column_inner type=\u00a0\u00bb1_3&Prime; _builder_version=\u00a0\u00bb4.17.4&Prime; _module_preset=\u00a0\u00bbdefault\u00a0\u00bb global_colors_info=\u00a0\u00bb{}\u00a0\u00bb][et_pb_image src=\u00a0\u00bbhttps:\/\/atman.fr\/osteopathie\/wp-content\/uploads\/sites\/8\/2022\/03\/societe-generale.png\u00a0\u00bb title_text=\u00a0\u00bbsociete-generale\u00a0\u00bb align=\u00a0\u00bbcenter\u00a0\u00bb _builder_version=\u00a0\u00bb4.16&Prime; _module_preset=\u00a0\u00bbdefault\u00a0\u00bb max_width=\u00a0\u00bb200px\u00a0\u00bb global_colors_info=\u00a0\u00bb{}\u00a0\u00bb][\/et_pb_image][\/et_pb_column_inner][et_pb_column_inner type=\u00a0\u00bb1_3&Prime; saved_specialty_column_type=\u00a0\u00bb3_4&Prime; _builder_version=\u00a0\u00bb4.16&Prime; global_colors_info=\u00a0\u00bb{}\u00a0\u00bb][\/et_pb_column_inner][et_pb_column_inner type=\u00a0\u00bb1_3&Prime; saved_specialty_column_type=\u00a0\u00bb3_4&Prime; _builder_version=\u00a0\u00bb4.16&Prime; global_colors_info=\u00a0\u00bb{}\u00a0\u00bb][\/et_pb_column_inner][\/et_pb_row_inner][et_pb_row_inner module_id=\u00a0\u00bbpartenaires-sante\u00a0\u00bb _builder_version=\u00a0\u00bb4.17.4&Prime; custom_margin=\u00a0\u00bb2vh||||false|false\u00a0\u00bb locked=\u00a0\u00bboff\u00a0\u00bb global_colors_info=\u00a0\u00bb{}\u00a0\u00bb][et_pb_column_inner saved_specialty_column_type=\u00a0\u00bb3_4&Prime; _builder_version=\u00a0\u00bb4.16&Prime; global_colors_info=\u00a0\u00bb{}\u00a0\u00bb][et_pb_text _builder_version=\u00a0\u00bb4.16&Prime; text_font=\u00a0\u00bb||||||||\u00a0\u00bb header_3_font=\u00a0\u00bb|||on|||||\u00a0\u00bb global_colors_info=\u00a0\u00bb{}\u00a0\u00bb]<\/p>\n<div>\n<h3>Partenaires sant\u00e9<\/h3>\n<div>\n<h4>La sant\u00e9 de nos \u00e9tudiants est une priorit\u00e9<\/h4>\n<p>Beaucoup trop de jeunes pensent \u00eatre bien assur\u00e9s mais ne le sont pas.<br \/>Plusieurs options s\u2019offrent \u00e0 vous pour acc\u00e9der \u00e0 des soins de qualit\u00e9 sans vous ruiner.<br \/>N\u2019oubliez pas qu\u2019en tant qu\u2019\u00e9tudiant ATMAN vous pouvez consulter le centre de soins ost\u00e9opathiques du campus pour vous sentir mieux et \u00e9liminer votre stress du quotidien.<\/p>\n<h4>Mutuelle<\/h4>\n<p>Etudiants et futurs professionnels : HEYME acteur r\u00e9f\u00e9rent de la sant\u00e9 des jeunes et partenaire de votre \u00e9cole, accompagne vos besoins d\u2019assurance pour votre sant\u00e9 et votre quotidien.<br \/>Compl\u00e9mentaire sant\u00e9, responsabilit\u00e9 civile, assurance logement\u2026 trouvez la solution HEYME qui correspond \u00e0 votre style de vie et \u00e0 votre budget.<br \/>Les avantages HEYME : un tarif unique pour votre compl\u00e9mentaire sant\u00e9 quel que soit votre \u00e2ge et votre lieu de r\u00e9sidence, la responsabilit\u00e9 civile m\u00e9dicale automatiquement inclue pour vos stages, un service de t\u00e9l\u00e9consultation m\u00e9dicale 100% gratuit, des solutions simples, transparentes et surtout une \u00e9quipe disponible pour vous faciliter la vie.<br \/>En bonus, b\u00e9n\u00e9ficiez gr\u00e2ce \u00e0 l\u2019Ecole d\u2019Ost\u00e9opathie ATMAN d\u2019un avantage tarifaire de 10% sur les solutions HEYME gr\u00e2ce au code 06ATMAN \u00e0 renseigner directement sur le site <a href=\"https:\/\/heyme.care\/fr\">https:\/\/heyme.care\/fr <\/a><\/p>\n<\/div>\n<\/div>\n<div>\n<blockquote><\/blockquote>\n<\/div>\n<p>[\/et_pb_text][et_pb_image src=\u00a0\u00bbhttps:\/\/atman.fr\/osteopathie\/wp-content\/uploads\/sites\/8\/2021\/07\/heyme.jpg\u00a0\u00bb title_text=\u00a0\u00bbheyme\u00a0\u00bb url=\u00a0\u00bbhttps:\/\/heyme.care\/fr\u00a0\u00bb url_new_window=\u00a0\u00bbon\u00a0\u00bb _builder_version=\u00a0\u00bb4.16&Prime; _module_preset=\u00a0\u00bbdefault\u00a0\u00bb max_width=\u00a0\u00bb300px\u00a0\u00bb global_colors_info=\u00a0\u00bb{}\u00a0\u00bb][\/et_pb_image][\/et_pb_column_inner][\/et_pb_row_inner][\/et_pb_column][et_pb_column type=\u00a0\u00bb1_4&Prime; _builder_version=\u00a0\u00bb4.16&Prime; custom_padding=\u00a0\u00bb|||\u00a0\u00bb global_colors_info=\u00a0\u00bb{}\u00a0\u00bb custom_padding__hover=\u00a0\u00bb|||\u00a0\u00bb][\/et_pb_column][\/et_pb_section]<\/p>\n","protected":false},"excerpt":{"rendered":"<p>Cadre de vie Campus ost\u00e9opathique construit en 2012 au coeur de la\u00a01\u00e8re technopole d\u2019Europe, Sophia Antipolis, ATMAN compte pr\u00e8s de 350 \u00e9tudiants. Ce sont 50 ann\u00e9es d\u2019exp\u00e9rience\u00a0pour faire partager la passion de l\u2019ost\u00e9opathie et transmettre nos savoirs dans le domaine de l\u2019ost\u00e9opathie holistique.\u00a0\u201cL\u2019humain au coeur de tout\u201d, c\u2019est notre philosophie pour permettre \u00e0 chacun d\u2019acc\u00e9der [&hellip;]<\/p>\n","protected":false},"author":1,"featured_media":404,"parent":0,"menu_order":0,"comment_status":"closed","ping_status":"closed","template":"","meta":{"_et_pb_use_builder":"on","_et_pb_old_content":"","_et_gb_content_width":""},"_links":{"self":[{"href":"https:\/\/atman.fr\/osteopathie\/wp-json\/wp\/v2\/pages\/540"}],"collection":[{"href":"https:\/\/atman.fr\/osteopathie\/wp-json\/wp\/v2\/pages"}],"about":[{"href":"https:\/\/atman.fr\/osteopathie\/wp-json\/wp\/v2\/types\/page"}],"author":[{"embeddable":true,"href":"https:\/\/atman.fr\/osteopathie\/wp-json\/wp\/v2\/users\/1"}],"replies":[{"embeddable":true,"href":"https:\/\/atman.fr\/osteopathie\/wp-json\/wp\/v2\/comments?post=540"}],"version-history":[{"count":18,"href":"https:\/\/atman.fr\/osteopathie\/wp-json\/wp\/v2\/pages\/540\/revisions"}],"predecessor-version":[{"id":228057,"href":"https:\/\/atman.fr\/osteopathie\/wp-json\/wp\/v2\/pages\/540\/revisions\/228057"}],"wp:featuredmedia":[{"embeddable":true,"href":"https:\/\/atman.fr\/osteopathie\/wp-json\/wp\/v2\/media\/404"}],"wp:attachment":[{"href":"https:\/\/atman.fr\/osteopathie\/wp-json\/wp\/v2\/media?parent=540"}],"curies":[{"name":"wp","href":"https:\/\/api.w.org\/{rel}","templated":true}]}}